{"id":68,"date":"2014-09-25T07:46:32","date_gmt":"2014-09-25T06:46:32","guid":{"rendered":"http:\/\/www.timor-rocks.com\/image-latente\/?page_id=68"},"modified":"2022-05-21T09:08:55","modified_gmt":"2022-05-21T08:08:55","slug":"publications","status":"publish","type":"page","link":"https:\/\/www.timor-rocks.com\/image-latente\/","title":{"rendered":"Publications"},"content":{"rendered":"<h6><em><strong><img loading=\"lazy\" decoding=\"async\" class=\"alignleft wp-image-544 size-medium\" src=\"https:\/\/www.timor-rocks.com\/image-latente\/wp-content\/uploads\/2022\/05\/Java_couv-volume-web-248x300.jpg\" alt=\"\" width=\"248\" height=\"300\" srcset=\"https:\/\/www.timor-rocks.com\/image-latente\/wp-content\/uploads\/2022\/05\/Java_couv-volume-web-248x300.jpg 248w, https:\/\/www.timor-rocks.com\/image-latente\/wp-content\/uploads\/2022\/05\/Java_couv-volume-web.jpg 579w\" sizes=\"auto, (max-width: 248px) 100vw, 248px\" \/>Joseph Java l\u2019interview (Questions de po\u00e9sie g\u00e9n\u00e9rale)<br \/>\n<\/strong><\/em><\/h6>\n<address>Texte de <strong>Lucie Gougat<\/strong> et <strong>Jean-Louis Baille<\/strong>\u00a0(entre th\u00e9\u00e2tre et interview, clown et non-clown, hyper-r\u00e9alisme et po\u00e9sie).<\/address>\n<address>Collection Sur un plateau. \u00a0ISBN N\u00b0 978-2-910805-27-2. (Sortie le 21 juin 2022.)<br \/>\nEn savoir plus, commander : <a title=\"Entretiens avec la mer\" href=\"https:\/\/www.timor-rocks.com\/image-latente\/publications\/joseph-java-linterview-questions-de-poesie-generale\/\">page de l&rsquo;ouvrage<\/a>.<\/address>\n<h6><em><strong><img loading=\"lazy\" decoding=\"async\" class=\"alignleft wp-image-502 size-medium\" src=\"https:\/\/www.timor-rocks.com\/image-latente\/wp-content\/uploads\/2021\/06\/Reptile_couv-volume-248x300.jpg\" alt=\"\" width=\"248\" height=\"300\" srcset=\"https:\/\/www.timor-rocks.com\/image-latente\/wp-content\/uploads\/2021\/06\/Reptile_couv-volume-248x300.jpg 248w, https:\/\/www.timor-rocks.com\/image-latente\/wp-content\/uploads\/2021\/06\/Reptile_couv-volume.jpg 579w\" sizes=\"auto, (max-width: 248px) 100vw, 248px\" \/>Reptile<\/strong><\/em><\/h6>\n<address>Texte de <strong>Fran\u00e7ois Chaffin<\/strong> (int\u00e9grale et plus encore de la pi\u00e8ce). Illustr\u00e9 de 15 photographies\u00a0d&rsquo;<strong>Ernesto Timor<\/strong>.<\/address>\n<address>Collection Sur un plateau. Co-\u00e9d. Image Latente et Th\u00e9\u00e2tre du Menteur. ISBN N\u00b0 978-2-910805-26-5. (Sortie le 7 juillet 2021.)<br \/>\nEn savoir plus, commander : <a title=\"Entretiens avec la mer\" href=\"https:\/\/www.timor-rocks.com\/image-latente\/publications\/reptile\/\">page de l&rsquo;ouvrage<\/a>.<\/address>\n<h6><img loading=\"lazy\" decoding=\"async\" class=\"alignleft wp-image-449 size-medium\" src=\"https:\/\/www.timor-rocks.com\/image-latente\/wp-content\/uploads\/2014\/09\/JSCLM_couv-volume-248x300.jpg\" alt=\"\" width=\"248\" height=\"300\" srcset=\"https:\/\/www.timor-rocks.com\/image-latente\/wp-content\/uploads\/2014\/09\/JSCLM_couv-volume-248x300.jpg 248w, https:\/\/www.timor-rocks.com\/image-latente\/wp-content\/uploads\/2014\/09\/JSCLM_couv-volume.jpg 579w\" sizes=\"auto, (max-width: 248px) 100vw, 248px\" \/><br \/>\n<strong><em>Je suis contre la mort<\/em><\/strong><\/h6>\n<address>Texte de <strong>Fran\u00e7ois Chaffin<\/strong> (int\u00e9grale de la pi\u00e8ce).<br \/>\nSuivi d&rsquo;un album photo de r\u00e9p\u00e9titions du spectacle et compl\u00e9t\u00e9 d&rsquo;un bonus multim\u00e9dia : pistes sonores du spectacle (musiques d\u2019Appat203), les<em> Salles d&rsquo;attente<\/em> (films photographiques d&rsquo;Ernesto Timor et Fran\u00e7ois Chaffin).<\/address>\n<address>Collection Sur un plateau. Co-\u00e9d. Image Latente et Th\u00e9\u00e2tre du Menteur. ISBN N\u00b0 978-2-910805-25-8. (Sortie le 24 juin 2016.)<br \/>\nEn savoir plus, commander : <a title=\"Entretiens avec la mer\" href=\"http:\/\/www.timor-rocks.com\/image-latente\/publications\/je-suis-contre-la-mort\/\">page de l&rsquo;ouvrage<\/a>.<\/address>\n<p>&nbsp;<\/p>\n<h6><strong><img loading=\"lazy\" decoding=\"async\" class=\"alignleft wp-image-365 size-medium\" title=\"Cliquer pour agrandir\" src=\"https:\/\/www.timor-rocks.com\/image-latente\/wp-content\/uploads\/2014\/09\/MCHVZ2_couv-volume-300x193.jpg\" alt=\"Mes champs visuels #2, Ernesto Timor. Couverture du livre.\" width=\"300\" height=\"193\" srcset=\"https:\/\/www.timor-rocks.com\/image-latente\/wp-content\/uploads\/2014\/09\/MCHVZ2_couv-volume-300x193.jpg 300w, https:\/\/www.timor-rocks.com\/image-latente\/wp-content\/uploads\/2014\/09\/MCHVZ2_couv-volume.jpg 700w\" sizes=\"auto, (max-width: 300px) 100vw, 300px\" \/><em>Mes champs visuels [ Apparitions &amp; Reconstructions ]<\/em>, Cycle #2.<\/strong><\/h6>\n<address>Une petite forme photographique d\u2019<strong>Ernesto Timor<\/strong> (suite).<\/address>\n<address>Collection Surfaces sensibles. Image Latente \u00e9ditions. ISBN N\u00b0 978-2-910805-24-1.<br \/>\nEn savoir plus, commander : <a title=\"Mes champs visuels #2\" href=\"http:\/\/www.timor-rocks.com\/image-latente\/publications\/mes-champs-visuels-2\/\">page de l&rsquo;ouvrage<\/a>.<\/address>\n<p>&nbsp;<\/p>\n<h6><strong><img loading=\"lazy\" decoding=\"async\" class=\"alignleft wp-image-270 size-medium\" title=\"Cliquer pour agrandir\" src=\"https:\/\/www.timor-rocks.com\/image-latente\/wp-content\/uploads\/2014\/11\/MCHVZ1_couv-volume-300x192.jpg\" alt=\"Mes champs visuels #1, Ernesto Timor. Couverture du livre.\" width=\"300\" height=\"192\" srcset=\"https:\/\/www.timor-rocks.com\/image-latente\/wp-content\/uploads\/2014\/11\/MCHVZ1_couv-volume-300x192.jpg 300w, https:\/\/www.timor-rocks.com\/image-latente\/wp-content\/uploads\/2014\/11\/MCHVZ1_couv-volume.jpg 700w\" sizes=\"auto, (max-width: 300px) 100vw, 300px\" \/><em>Mes champs visuels [ Apparitions &amp; Reconstructions ]<\/em>, Cycle #1.<\/strong><\/h6>\n<address>Une petite forme photographique d\u2019<strong>Ernesto Timor<\/strong>.<\/address>\n<address>Collection Surfaces sensibles. Image Latente \u00e9ditions. ISBN N\u00b0 978-2-910805-23-4.<br \/>\nEn savoir plus, commander : <a title=\"Mes champs visuels #1\" href=\"http:\/\/www.timor-rocks.com\/image-latente\/publications\/mes-champs-visuels-1\/\">page de l&rsquo;ouvrage<\/a>.<\/address>\n<h6><img loading=\"lazy\" decoding=\"async\" class=\"alignleft wp-image-164 size-medium\" src=\"https:\/\/www.timor-rocks.com\/image-latente\/wp-content\/uploads\/2014\/09\/EALM_couv-volume-248x300.jpg\" alt=\"Entretiens avec la mer, couverture du livre\" width=\"248\" height=\"300\" srcset=\"https:\/\/www.timor-rocks.com\/image-latente\/wp-content\/uploads\/2014\/09\/EALM_couv-volume-248x300.jpg 248w, https:\/\/www.timor-rocks.com\/image-latente\/wp-content\/uploads\/2014\/09\/EALM_couv-volume.jpg 579w\" sizes=\"auto, (max-width: 248px) 100vw, 248px\" \/><br \/>\n<em>Entretiens avec la mer<\/em><\/h6>\n<address>Texte de <strong>Fran\u00e7ois Chaffin<\/strong> (int\u00e9grale de la pi\u00e8ce). Suivi d&rsquo;un carnet de la cr\u00e9ation du spectacle cr\u00e9\u00e9 conjointement par le Th\u00e9\u00e2tre du Menteur et le Th\u00e9\u00e2tre Kaze de Tokyo. Compl\u00e9t\u00e9 d&rsquo;un bonus (photo)graphique sign\u00e9 Ernesto Timor : Black Variations.<\/address>\n<address>Collection Sur un plateau. Co-\u00e9d. Image Latente et Th\u00e9\u00e2tre du Menteur.\u00a0ISBN N\u00b0 978-2-910805-21-0.<br \/>\nEn savoir plus, commander : <a title=\"Entretiens avec la mer\" href=\"http:\/\/www.timor-rocks.com\/image-latente\/publications\/entretiens-avec-la-mer\/\">page de l&rsquo;ouvrage<\/a>.<\/address>\n<p>&nbsp;<\/p>\n<h6><strong><img loading=\"lazy\" decoding=\"async\" class=\"alignleft wp-image-168 size-medium\" src=\"https:\/\/www.timor-rocks.com\/image-latente\/wp-content\/uploads\/2014\/09\/11TE_couv-volume-en-248x300.jpg\" alt=\"Les Onze Tableaux de l'Escouade, couverture du livre-DVD\" width=\"248\" height=\"300\" srcset=\"https:\/\/www.timor-rocks.com\/image-latente\/wp-content\/uploads\/2014\/09\/11TE_couv-volume-en-248x300.jpg 248w, https:\/\/www.timor-rocks.com\/image-latente\/wp-content\/uploads\/2014\/09\/11TE_couv-volume-en.jpg 579w\" sizes=\"auto, (max-width: 248px) 100vw, 248px\" \/><br \/>\n<em>Les Onze Tableaux de l\u2019Escouade<br \/>\n(Un regard po\u00e9tique et contemporain<br \/>\nsur la Grande Guerre)<\/em><\/strong><\/h6>\n<address>Livre-DVD du spectacle \u00e9ponyme autour de la Grande Guerre, cr\u00e9\u00e9 par la Cie <strong>les M\u00e9langeurs<\/strong>, sur une musique de Michel Blanc. Livret illustr\u00e9 de photographies du spectacle par Ernesto Timor.<\/address>\n<address>Collection Sur un plateau. Co-\u00e9d. Image Latente et Les M\u00e9langeurs. ISBN N\u00b0 978-2-910805-20-3.<br \/>\nEn savoir plus, commander\u00a0: <a title=\"Les Onze Tableaux de l\u2019Escouade\" href=\"http:\/\/www.timor-rocks.com\/image-latente\/publications\/les-onze-tableaux-de-lescouade\/\">page de l&rsquo;ouvrage<\/a>.<\/address>\n<p>&nbsp;<\/p>\n","protected":false},"excerpt":{"rendered":"<p>Joseph Java l\u2019interview (Questions de po\u00e9sie g\u00e9n\u00e9rale) Texte de Lucie Gougat et Jean-Louis Baille\u00a0(entre th\u00e9\u00e2tre et interview, clown et non-clown, hyper-r\u00e9alisme et po\u00e9sie). Collection Sur un plateau. \u00a0ISBN N\u00b0 978-2-910805-27-2. (Sortie le 21 juin 2022.) En savoir plus, commander : page de l&rsquo;ouvrage. Reptile Texte de Fran\u00e7ois Chaffin (int\u00e9grale et plus encore de la pi\u00e8ce). &hellip; <a href=\"https:\/\/www.timor-rocks.com\/image-latente\/\" class=\"more-link\">Continuer la lecture de <span class=\"screen-reader-text\">Publications<\/span>  <span class=\"meta-nav\">&rarr;<\/span><\/a><\/p>\n","protected":false},"author":1,"featured_media":0,"parent":0,"menu_order":0,"comment_status":"closed","ping_status":"closed","template":"","meta":{"footnotes":""},"class_list":["post-68","page","type-page","status-publish","hentry","wpautop"],"_links":{"self":[{"href":"https:\/\/www.timor-rocks.com\/image-latente\/wp-json\/wp\/v2\/pages\/68","targetHints":{"allow":["GET"]}}],"collection":[{"href":"https:\/\/www.timor-rocks.com\/image-latente\/wp-json\/wp\/v2\/pages"}],"about":[{"href":"https:\/\/www.timor-rocks.com\/image-latente\/wp-json\/wp\/v2\/types\/page"}],"author":[{"embeddable":true,"href":"https:\/\/www.timor-rocks.com\/image-latente\/wp-json\/wp\/v2\/users\/1"}],"replies":[{"embeddable":true,"href":"https:\/\/www.timor-rocks.com\/image-latente\/wp-json\/wp\/v2\/comments?post=68"}],"version-history":[{"count":4,"href":"https:\/\/www.timor-rocks.com\/image-latente\/wp-json\/wp\/v2\/pages\/68\/revisions"}],"predecessor-version":[{"id":500,"href":"https:\/\/www.timor-rocks.com\/image-latente\/wp-json\/wp\/v2\/pages\/68\/revisions\/500"}],"wp:attachment":[{"href":"https:\/\/www.timor-rocks.com\/image-latente\/wp-json\/wp\/v2\/media?parent=68"}],"curies":[{"name":"wp","href":"https:\/\/api.w.org\/{rel}","templated":true}]}}