{"id":67,"date":"2014-09-25T07:47:04","date_gmt":"2014-09-25T06:47:04","guid":{"rendered":"http:\/\/www.timor-rocks.com\/image-latente\/?page_id=67"},"modified":"2025-07-16T15:07:57","modified_gmt":"2025-07-16T14:07:57","slug":"entretiens-avec-la-mer","status":"publish","type":"page","link":"https:\/\/www.timor-rocks.com\/image-latente\/publications\/entretiens-avec-la-mer\/","title":{"rendered":"Entretiens avec la mer"},"content":{"rendered":"<h6><strong><em><a href=\"http:\/\/www.timor-rocks.com\/image-latente\/wp-content\/uploads\/2014\/09\/EALM-livre-couv-web.jpg\"><img loading=\"lazy\" decoding=\"async\" class=\"alignleft size-medium wp-image-36\" src=\"http:\/\/www.timor-rocks.com\/image-latente\/wp-content\/uploads\/2014\/09\/EALM-livre-couv-web-210x300.jpg\" alt=\"EALM-livre-couv-web\" width=\"210\" height=\"300\" srcset=\"https:\/\/www.timor-rocks.com\/image-latente\/wp-content\/uploads\/2014\/09\/EALM-livre-couv-web-210x300.jpg 210w, https:\/\/www.timor-rocks.com\/image-latente\/wp-content\/uploads\/2014\/09\/EALM-livre-couv-web.jpg 492w\" sizes=\"auto, (max-width: 210px) 100vw, 210px\" \/><\/a><\/em><\/strong>Texte de Fran\u00e7ois Chaffin (int\u00e9grale de la pi\u00e8ce <em>Entretiens avec la mer<\/em>). Suivi d&rsquo;un carnet de la cr\u00e9ation du spectacle cr\u00e9\u00e9 conjointement par le Th\u00e9\u00e2tre du Menteur et le Th\u00e9\u00e2tre Kaze de Tokyo. Compl\u00e9t\u00e9 d&rsquo;un bonus (photo)graphique sign\u00e9 Ernesto Timor : <em>Black Variations<\/em>.<\/h6>\n<p>Livre : 48 pages + couverture, format 15 x 21 cm, quadrichromie, dos carr\u00e9. Comporte un tir\u00e9 \u00e0 part (40 x 60 cm recto-verso), d\u00e9pliant ou affiche selon le bon vouloir du lecteur, et un acc\u00e8s aux suppl\u00e9ments multim\u00e9dia en ligne.<br \/>\nCo-\u00e9d. Image Latente et Th\u00e9\u00e2tre du Menteur.<br \/>\nISBN N\u00b0 978-2-910805-21-0<br \/>\nPrix : 12 \u20ac. (Sortie le 6 novembre 2014.)<\/p>\n<p>&#8211; &#8211; &#8211;<\/p>\n<div id='gallery-1' class='gallery galleryid-67 gallery-columns-4 gallery-size-medium'><figure class='gallery-item'>\n\t\t\t<div class='gallery-icon landscape'>\n\t\t\t\t<a href='https:\/\/www.timor-rocks.com\/image-latente\/wp-content\/uploads\/2014\/09\/1410-i-l-com7965.jpg'><img loading=\"lazy\" decoding=\"async\" width=\"300\" height=\"199\" src=\"https:\/\/www.timor-rocks.com\/image-latente\/wp-content\/uploads\/2014\/09\/1410-i-l-com7965-300x199.jpg\" class=\"attachment-medium size-medium\" alt=\"\" aria-describedby=\"gallery-1-119\" srcset=\"https:\/\/www.timor-rocks.com\/image-latente\/wp-content\/uploads\/2014\/09\/1410-i-l-com7965-300x199.jpg 300w, https:\/\/www.timor-rocks.com\/image-latente\/wp-content\/uploads\/2014\/09\/1410-i-l-com7965.jpg 700w\" sizes=\"auto, (max-width: 300px) 100vw, 300px\" \/><\/a>\n\t\t\t<\/div>\n\t\t\t\t<figcaption class='wp-caption-text gallery-caption' id='gallery-1-119'>\n\t\t\t\t4e de couverture\n\t\t\t\t<\/figcaption><\/figure><figure class='gallery-item'>\n\t\t\t<div class='gallery-icon landscape'>\n\t\t\t\t<a href='https:\/\/www.timor-rocks.com\/image-latente\/wp-content\/uploads\/2014\/09\/1410-i-l-com7966.jpg'><img loading=\"lazy\" decoding=\"async\" width=\"300\" height=\"199\" src=\"https:\/\/www.timor-rocks.com\/image-latente\/wp-content\/uploads\/2014\/09\/1410-i-l-com7966-300x199.jpg\" class=\"attachment-medium size-medium\" alt=\"\" aria-describedby=\"gallery-1-120\" srcset=\"https:\/\/www.timor-rocks.com\/image-latente\/wp-content\/uploads\/2014\/09\/1410-i-l-com7966-300x199.jpg 300w, https:\/\/www.timor-rocks.com\/image-latente\/wp-content\/uploads\/2014\/09\/1410-i-l-com7966.jpg 700w\" sizes=\"auto, (max-width: 300px) 100vw, 300px\" \/><\/a>\n\t\t\t<\/div>\n\t\t\t\t<figcaption class='wp-caption-text gallery-caption' id='gallery-1-120'>\n\t\t\t\tOuverture du livre\n\t\t\t\t<\/figcaption><\/figure><figure class='gallery-item'>\n\t\t\t<div class='gallery-icon landscape'>\n\t\t\t\t<a href='https:\/\/www.timor-rocks.com\/image-latente\/wp-content\/uploads\/2014\/09\/1410-i-l-com7967.jpg'><img loading=\"lazy\" decoding=\"async\" width=\"300\" height=\"199\" src=\"https:\/\/www.timor-rocks.com\/image-latente\/wp-content\/uploads\/2014\/09\/1410-i-l-com7967-300x199.jpg\" class=\"attachment-medium size-medium\" alt=\"\" aria-describedby=\"gallery-1-121\" srcset=\"https:\/\/www.timor-rocks.com\/image-latente\/wp-content\/uploads\/2014\/09\/1410-i-l-com7967-300x199.jpg 300w, https:\/\/www.timor-rocks.com\/image-latente\/wp-content\/uploads\/2014\/09\/1410-i-l-com7967.jpg 700w\" sizes=\"auto, (max-width: 300px) 100vw, 300px\" \/><\/a>\n\t\t\t<\/div>\n\t\t\t\t<figcaption class='wp-caption-text gallery-caption' id='gallery-1-121'>\n\t\t\t\tTexte int\u00e9gral de la pi\u00e8ce\n\t\t\t\t<\/figcaption><\/figure><figure class='gallery-item'>\n\t\t\t<div class='gallery-icon landscape'>\n\t\t\t\t<a href='https:\/\/www.timor-rocks.com\/image-latente\/wp-content\/uploads\/2014\/09\/1410-i-l-com7968.jpg'><img loading=\"lazy\" decoding=\"async\" width=\"300\" height=\"199\" src=\"https:\/\/www.timor-rocks.com\/image-latente\/wp-content\/uploads\/2014\/09\/1410-i-l-com7968-300x199.jpg\" class=\"attachment-medium size-medium\" alt=\"\" aria-describedby=\"gallery-1-122\" srcset=\"https:\/\/www.timor-rocks.com\/image-latente\/wp-content\/uploads\/2014\/09\/1410-i-l-com7968-300x199.jpg 300w, https:\/\/www.timor-rocks.com\/image-latente\/wp-content\/uploads\/2014\/09\/1410-i-l-com7968.jpg 700w\" sizes=\"auto, (max-width: 300px) 100vw, 300px\" \/><\/a>\n\t\t\t<\/div>\n\t\t\t\t<figcaption class='wp-caption-text gallery-caption' id='gallery-1-122'>\n\t\t\t\tCarnet de la cr\u00e9ation\n\t\t\t\t<\/figcaption><\/figure><figure class='gallery-item'>\n\t\t\t<div class='gallery-icon landscape'>\n\t\t\t\t<a href='https:\/\/www.timor-rocks.com\/image-latente\/wp-content\/uploads\/2014\/09\/1410-i-l-com7963.jpg'><img loading=\"lazy\" decoding=\"async\" width=\"300\" height=\"199\" src=\"https:\/\/www.timor-rocks.com\/image-latente\/wp-content\/uploads\/2014\/09\/1410-i-l-com7963-300x199.jpg\" class=\"attachment-medium size-medium\" alt=\"\" aria-describedby=\"gallery-1-118\" srcset=\"https:\/\/www.timor-rocks.com\/image-latente\/wp-content\/uploads\/2014\/09\/1410-i-l-com7963-300x199.jpg 300w, https:\/\/www.timor-rocks.com\/image-latente\/wp-content\/uploads\/2014\/09\/1410-i-l-com7963.jpg 700w\" sizes=\"auto, (max-width: 300px) 100vw, 300px\" \/><\/a>\n\t\t\t<\/div>\n\t\t\t\t<figcaption class='wp-caption-text gallery-caption' id='gallery-1-118'>\n\t\t\t\tLe livre comporte un bonus&#8230;\n\t\t\t\t<\/figcaption><\/figure><figure class='gallery-item'>\n\t\t\t<div class='gallery-icon landscape'>\n\t\t\t\t<a href='https:\/\/www.timor-rocks.com\/image-latente\/wp-content\/uploads\/2014\/09\/1410-i-l-com7958.jpg'><img loading=\"lazy\" decoding=\"async\" width=\"300\" height=\"199\" src=\"https:\/\/www.timor-rocks.com\/image-latente\/wp-content\/uploads\/2014\/09\/1410-i-l-com7958-300x199.jpg\" class=\"attachment-medium size-medium\" alt=\"\" aria-describedby=\"gallery-1-116\" srcset=\"https:\/\/www.timor-rocks.com\/image-latente\/wp-content\/uploads\/2014\/09\/1410-i-l-com7958-300x199.jpg 300w, https:\/\/www.timor-rocks.com\/image-latente\/wp-content\/uploads\/2014\/09\/1410-i-l-com7958.jpg 700w\" sizes=\"auto, (max-width: 300px) 100vw, 300px\" \/><\/a>\n\t\t\t<\/div>\n\t\t\t\t<figcaption class='wp-caption-text gallery-caption' id='gallery-1-116'>\n\t\t\t\t&#8230; porte vers les \u00ab\u00a0Black Variations\u00a0\u00bb&#8230;\n\t\t\t\t<\/figcaption><\/figure><figure class='gallery-item'>\n\t\t\t<div class='gallery-icon landscape'>\n\t\t\t\t<a href='https:\/\/www.timor-rocks.com\/image-latente\/wp-content\/uploads\/2014\/09\/1410-i-l-com7956.jpg'><img loading=\"lazy\" decoding=\"async\" width=\"300\" height=\"199\" src=\"https:\/\/www.timor-rocks.com\/image-latente\/wp-content\/uploads\/2014\/09\/1410-i-l-com7956-300x199.jpg\" class=\"attachment-medium size-medium\" alt=\"\" aria-describedby=\"gallery-1-115\" srcset=\"https:\/\/www.timor-rocks.com\/image-latente\/wp-content\/uploads\/2014\/09\/1410-i-l-com7956-300x199.jpg 300w, https:\/\/www.timor-rocks.com\/image-latente\/wp-content\/uploads\/2014\/09\/1410-i-l-com7956.jpg 700w\" sizes=\"auto, (max-width: 300px) 100vw, 300px\" \/><\/a>\n\t\t\t<\/div>\n\t\t\t\t<figcaption class='wp-caption-text gallery-caption' id='gallery-1-115'>\n\t\t\t\t&#8230; 40&#215;60 recto-verso, d\u00e9pliant&#8230;\n\t\t\t\t<\/figcaption><\/figure><figure class='gallery-item'>\n\t\t\t<div class='gallery-icon landscape'>\n\t\t\t\t<a href='https:\/\/www.timor-rocks.com\/image-latente\/wp-content\/uploads\/2014\/09\/1410-i-l-com7962.jpg'><img loading=\"lazy\" decoding=\"async\" width=\"300\" height=\"199\" src=\"https:\/\/www.timor-rocks.com\/image-latente\/wp-content\/uploads\/2014\/09\/1410-i-l-com7962-300x199.jpg\" class=\"attachment-medium size-medium\" alt=\"\" aria-describedby=\"gallery-1-117\" srcset=\"https:\/\/www.timor-rocks.com\/image-latente\/wp-content\/uploads\/2014\/09\/1410-i-l-com7962-300x199.jpg 300w, https:\/\/www.timor-rocks.com\/image-latente\/wp-content\/uploads\/2014\/09\/1410-i-l-com7962.jpg 700w\" sizes=\"auto, (max-width: 300px) 100vw, 300px\" \/><\/a>\n\t\t\t<\/div>\n\t\t\t\t<figcaption class='wp-caption-text gallery-caption' id='gallery-1-117'>\n\t\t\t\t&#8230; ou poster selon le d\u00e9sir du lecteur !\n\t\t\t\t<\/figcaption><\/figure>\n\t\t<\/div>\n\n<p>&#8211; &#8211; &#8211;<\/p>\n<p><a href=\"http:\/\/www.timor-rocks.com\/image-latente\/wp-content\/uploads\/2014\/11\/IL-affichettes-libraires-EALM.pdf\"><img loading=\"lazy\" decoding=\"async\" class=\"alignleft wp-image-216 size-full\" title=\"T\u00e9l\u00e9chargez la fiche en PDF\" src=\"http:\/\/www.timor-rocks.com\/image-latente\/wp-content\/uploads\/2014\/09\/pdf-butt-03-2014..jpg\" alt=\"pdf-butt-03-2014.\" width=\"38\" height=\"51\" \/><\/a>Fiche compl\u00e8te pour les professionnels<br \/>\n(libraires, biblioth\u00e9caires, critiques&#8230;)<\/p>\n<p>&#8211; &#8211; &#8211;<\/p>\n<p>Extrait de la pr\u00e9sentation<\/p>\n<blockquote><p>Sommes-nous ce que nous paraissons ?<br \/>\nMais alors, qu\u2019est-ce qui remue dessous, qu\u2019est-ce qui nous trouble et nous d\u00e9vie ? Comment raconter cette part du chaos qui danse avec nous ?&#8230;<br \/>\nIl faut voir et entendre <em>Entretiens avec la mer<\/em> comme le grand chahut de nos jardins secrets, la parade inqui\u00e9tante et joyeuse de nos monstres intimes.<br \/>\nAlliage de mots et de guitares, le spectacle se joue \u00e0 la mani\u00e8re d\u2019un oratorio d\u00e9braill\u00e9 jailli de nos humanit\u00e9s bancales, de nos d\u00e9dales singuliers, comme autant de petits diables nus qui tirent la langue hors de la boite !<br \/>\nUn toll\u00e9 au regard des convenances, des usages, de la morale ? Le scandale de notre psych\u00e9 ?<\/p><\/blockquote>\n<address>&#8211; &#8211; &#8211;<\/address>\n<address>Feuilletez les premi\u00e8res et les derni\u00e8res pages du livre&#8230;<\/address>\n<div class=\"issuuembed\" style=\"width: 650px; height: 462px;\" data-configid=\"7865324\/9886524\"><\/div>\n<p><script src=\"\/\/e.issuu.com\/embed.js\" async=\"true\" type=\"text\/javascript\"><\/script><\/p>\n<p>&#8211; &#8211; &#8211;<\/p>\n<pre><strong>Fran\u00e7ois Chaffin<\/strong> se d\u00e9finit comme \u00ab auteur-en-sc\u00e8ne \u00bb. Auteur de nombreux textes, dont <em>La morsure du citron<\/em> et <em>Prom\u00e9th\u00e9e po\u00e8me \u00e9lectrique<\/em>, il dirige depuis plus de vingt ans le Th\u00e9\u00e2tre du Menteur. Il poursuit ici son exploration sensible d\u2019une \u00e9criture baroque, notamment par le maillage des voix et de la mati\u00e8re sonore, dans lequel se conjuguent les paysages visuels et l\u2019engagement des corps.<\/pre>\n<pre><strong>Ernesto Timor<\/strong> accompagne les cr\u00e9ations du Th\u00e9\u00e2tre du Menteur depuis plus de 10 ans. Au-del\u00e0 de la r\u00e9alisation graphique de cet ouvrage et du travail photographique li\u00e9 au spectacle, il a men\u00e9 en duo avec Fran\u00e7ois Chaffin un side-project singulier en \u00e9cho aux <em>Entretiens avec la mer<\/em> : les <em>Black Variations<\/em>, s\u00e9rie de courts films photographiques \u00e0 retrouver sur le bonus multim\u00e9dia.<\/pre>\n<p>&nbsp;<\/p>\n<p>&#8211; &#8211; &#8211;<\/p>\n<p>En vente en librairie (en ligne et pr\u00e8s de chez vous), ainsi qu&rsquo;\u00e0 l&rsquo;occasion des repr\u00e9sentations (voir calendrier de tourn\u00e9e du <a title=\"Hop, l\u00e0-bas !\" href=\"http:\/\/www.theatre-du-menteur.com\/?page_id=1256\">Th\u00e9\u00e2tre du Menteur<\/a>).<\/p>\n<p>Pour commander directement et nous payer par ch\u00e8que, cliquer <a title=\"Comment commander\" href=\"http:\/\/www.timor-rocks.com\/image-latente\/image-latente\/comment-commander\/\">ici<\/a>.<\/p>\n<form action=\"https:\/\/www.paypal.com\/cgi-bin\/webscr\" method=\"post\" target=\"paypal\"><input name=\"cmd\" type=\"hidden\" value=\"_s-xclick\" \/><br \/>\n<input name=\"hosted_button_id\" type=\"hidden\" value=\"TPFYCTWEJF7H6\" \/><br \/>\n<input alt=\"PayPal - la solution de paiement en ligne la plus simple et la plus s\u00e9curis\u00e9e !\" name=\"submit\" src=\"https:\/\/www.paypalobjects.com\/fr_FR\/FR\/i\/btn\/btn_cart_LG.gif\" type=\"image\" \/><br \/>\n<img loading=\"lazy\" decoding=\"async\" src=\"https:\/\/www.paypalobjects.com\/fr_FR\/i\/scr\/pixel.gif\" alt=\"\" width=\"1\" height=\"1\" border=\"0\" \/><\/form>\n<p>Commande directe avec paiement en ligne ici-m\u00eame (paiement s\u00e9curis\u00e9 par CB ou Paypal, d\u00e9lais r\u00e9duits, port offert)<\/p>\n<p><span style=\"border-radius: 2px; text-indent: 20px; width: auto; padding: 0px 4px 0px 0px; text-align: center; font: bold 11px\/20px 'Helvetica Neue',Helvetica,sans-serif; color: #ffffff; background: #bd081c no-repeat scroll 3px 50% \/ 14px 14px; position: absolute; opacity: 1; z-index: 8675309; display: none; cursor: pointer;\">Enregistrer<\/span><\/p>\n","protected":false},"excerpt":{"rendered":"<p>Texte de Fran\u00e7ois Chaffin (int\u00e9grale de la pi\u00e8ce Entretiens avec la mer). Suivi d&rsquo;un carnet de la cr\u00e9ation du spectacle cr\u00e9\u00e9 conjointement par le Th\u00e9\u00e2tre du Menteur et le Th\u00e9\u00e2tre Kaze de Tokyo. Compl\u00e9t\u00e9 d&rsquo;un bonus (photo)graphique sign\u00e9 Ernesto Timor : Black Variations. Livre : 48 pages + couverture, format 15 x 21 cm, quadrichromie, &hellip; <a href=\"https:\/\/www.timor-rocks.com\/image-latente\/publications\/entretiens-avec-la-mer\/\" class=\"more-link\">Continuer la lecture de <span class=\"screen-reader-text\">Entretiens avec la mer<\/span>  <span class=\"meta-nav\">&rarr;<\/span><\/a><\/p>\n","protected":false},"author":1,"featured_media":0,"parent":68,"menu_order":0,"comment_status":"closed","ping_status":"closed","template":"","meta":{"footnotes":""},"class_list":["post-67","page","type-page","status-publish","hentry","wpautop"],"_links":{"self":[{"href":"https:\/\/www.timor-rocks.com\/image-latente\/wp-json\/wp\/v2\/pages\/67","targetHints":{"allow":["GET"]}}],"collection":[{"href":"https:\/\/www.timor-rocks.com\/image-latente\/wp-json\/wp\/v2\/pages"}],"about":[{"href":"https:\/\/www.timor-rocks.com\/image-latente\/wp-json\/wp\/v2\/types\/page"}],"author":[{"embeddable":true,"href":"https:\/\/www.timor-rocks.com\/image-latente\/wp-json\/wp\/v2\/users\/1"}],"replies":[{"embeddable":true,"href":"https:\/\/www.timor-rocks.com\/image-latente\/wp-json\/wp\/v2\/comments?post=67"}],"version-history":[{"count":5,"href":"https:\/\/www.timor-rocks.com\/image-latente\/wp-json\/wp\/v2\/pages\/67\/revisions"}],"predecessor-version":[{"id":625,"href":"https:\/\/www.timor-rocks.com\/image-latente\/wp-json\/wp\/v2\/pages\/67\/revisions\/625"}],"up":[{"embeddable":true,"href":"https:\/\/www.timor-rocks.com\/image-latente\/wp-json\/wp\/v2\/pages\/68"}],"wp:attachment":[{"href":"https:\/\/www.timor-rocks.com\/image-latente\/wp-json\/wp\/v2\/media?parent=67"}],"curies":[{"name":"wp","href":"https:\/\/api.w.org\/{rel}","templated":true}]}}