{"id":488,"date":"2021-06-21T13:59:07","date_gmt":"2021-06-21T12:59:07","guid":{"rendered":"https:\/\/www.timor-rocks.com\/image-latente\/?page_id=488"},"modified":"2025-07-16T14:31:02","modified_gmt":"2025-07-16T13:31:02","slug":"reptile","status":"publish","type":"page","link":"https:\/\/www.timor-rocks.com\/image-latente\/publications\/reptile\/","title":{"rendered":"Reptile"},"content":{"rendered":"<h6><strong><em><a href=\"https:\/\/www.timor-rocks.com\/image-latente\/wp-content\/uploads\/2021\/06\/Reptile-livre-couv-1-web.jpg\"><img loading=\"lazy\" decoding=\"async\" class=\"alignleft wp-image-493 size-medium\" src=\"https:\/\/www.timor-rocks.com\/image-latente\/wp-content\/uploads\/2021\/06\/Reptile-livre-couv-1-web-211x300.jpg\" alt=\"Reptile, couverture\" width=\"211\" height=\"300\" srcset=\"https:\/\/www.timor-rocks.com\/image-latente\/wp-content\/uploads\/2021\/06\/Reptile-livre-couv-1-web-211x300.jpg 211w, https:\/\/www.timor-rocks.com\/image-latente\/wp-content\/uploads\/2021\/06\/Reptile-livre-couv-1-web-719x1024.jpg 719w, https:\/\/www.timor-rocks.com\/image-latente\/wp-content\/uploads\/2021\/06\/Reptile-livre-couv-1-web-768x1094.jpg 768w, https:\/\/www.timor-rocks.com\/image-latente\/wp-content\/uploads\/2021\/06\/Reptile-livre-couv-1-web-1078x1536.jpg 1078w, https:\/\/www.timor-rocks.com\/image-latente\/wp-content\/uploads\/2021\/06\/Reptile-livre-couv-1-web.jpg 1123w\" sizes=\"auto, (max-width: 211px) 100vw, 211px\" \/><\/a><\/em><\/strong>Texte de Fran\u00e7ois Chaffin (int\u00e9grale et plus encore de la pi\u00e8ce <strong><em>Reptile<\/em><\/strong>). Illustr\u00e9 de 15 photographies\u00a0d&rsquo;Ernesto Timor.<\/h6>\n<p>Livre : 50 pages + couverture, format 15 x 21 cm, quadrichromie, dos carr\u00e9.<br \/>\nCo-\u00e9d. Image Latente et Th\u00e9\u00e2tre du Menteur.<br \/>\nISBN N\u00b0 978-2-910805-26-5<br \/>\nPrix : 12 \u20ac. (Sortie 7 juillet 2021.)<\/p>\n<h6>&#8211; &#8211; &#8211;<\/h6>\n<div id='gallery-1' class='gallery galleryid-488 gallery-columns-4 gallery-size-medium'><figure class='gallery-item'>\n\t\t\t<div class='gallery-icon landscape'>\n\t\t\t\t<a href='https:\/\/www.timor-rocks.com\/image-latente\/wp-content\/uploads\/2021\/07\/2107-life2952-16.jpg'><img loading=\"lazy\" decoding=\"async\" width=\"300\" height=\"200\" src=\"https:\/\/www.timor-rocks.com\/image-latente\/wp-content\/uploads\/2021\/07\/2107-life2952-16-300x200.jpg\" class=\"attachment-medium size-medium\" alt=\"\" srcset=\"https:\/\/www.timor-rocks.com\/image-latente\/wp-content\/uploads\/2021\/07\/2107-life2952-16-300x200.jpg 300w, https:\/\/www.timor-rocks.com\/image-latente\/wp-content\/uploads\/2021\/07\/2107-life2952-16-1024x684.jpg 1024w, https:\/\/www.timor-rocks.com\/image-latente\/wp-content\/uploads\/2021\/07\/2107-life2952-16-768x513.jpg 768w, https:\/\/www.timor-rocks.com\/image-latente\/wp-content\/uploads\/2021\/07\/2107-life2952-16-1536x1025.jpg 1536w, https:\/\/www.timor-rocks.com\/image-latente\/wp-content\/uploads\/2021\/07\/2107-life2952-16.jpg 1600w\" sizes=\"auto, (max-width: 300px) 100vw, 300px\" \/><\/a>\n\t\t\t<\/div><\/figure><figure class='gallery-item'>\n\t\t\t<div class='gallery-icon landscape'>\n\t\t\t\t<a href='https:\/\/www.timor-rocks.com\/image-latente\/wp-content\/uploads\/2021\/07\/2107-life2954-16.jpg'><img loading=\"lazy\" decoding=\"async\" width=\"300\" height=\"200\" src=\"https:\/\/www.timor-rocks.com\/image-latente\/wp-content\/uploads\/2021\/07\/2107-life2954-16-300x200.jpg\" class=\"attachment-medium size-medium\" alt=\"\" srcset=\"https:\/\/www.timor-rocks.com\/image-latente\/wp-content\/uploads\/2021\/07\/2107-life2954-16-300x200.jpg 300w, https:\/\/www.timor-rocks.com\/image-latente\/wp-content\/uploads\/2021\/07\/2107-life2954-16-1024x684.jpg 1024w, https:\/\/www.timor-rocks.com\/image-latente\/wp-content\/uploads\/2021\/07\/2107-life2954-16-768x513.jpg 768w, https:\/\/www.timor-rocks.com\/image-latente\/wp-content\/uploads\/2021\/07\/2107-life2954-16-1536x1025.jpg 1536w, https:\/\/www.timor-rocks.com\/image-latente\/wp-content\/uploads\/2021\/07\/2107-life2954-16.jpg 1600w\" sizes=\"auto, (max-width: 300px) 100vw, 300px\" \/><\/a>\n\t\t\t<\/div><\/figure><figure class='gallery-item'>\n\t\t\t<div class='gallery-icon landscape'>\n\t\t\t\t<a href='https:\/\/www.timor-rocks.com\/image-latente\/wp-content\/uploads\/2021\/07\/2107-life2960-16.jpg'><img loading=\"lazy\" decoding=\"async\" width=\"300\" height=\"200\" src=\"https:\/\/www.timor-rocks.com\/image-latente\/wp-content\/uploads\/2021\/07\/2107-life2960-16-300x200.jpg\" class=\"attachment-medium size-medium\" alt=\"\" srcset=\"https:\/\/www.timor-rocks.com\/image-latente\/wp-content\/uploads\/2021\/07\/2107-life2960-16-300x200.jpg 300w, https:\/\/www.timor-rocks.com\/image-latente\/wp-content\/uploads\/2021\/07\/2107-life2960-16-1024x684.jpg 1024w, https:\/\/www.timor-rocks.com\/image-latente\/wp-content\/uploads\/2021\/07\/2107-life2960-16-768x513.jpg 768w, https:\/\/www.timor-rocks.com\/image-latente\/wp-content\/uploads\/2021\/07\/2107-life2960-16-1536x1025.jpg 1536w, https:\/\/www.timor-rocks.com\/image-latente\/wp-content\/uploads\/2021\/07\/2107-life2960-16.jpg 1600w\" sizes=\"auto, (max-width: 300px) 100vw, 300px\" \/><\/a>\n\t\t\t<\/div><\/figure><figure class='gallery-item'>\n\t\t\t<div class='gallery-icon landscape'>\n\t\t\t\t<a href='https:\/\/www.timor-rocks.com\/image-latente\/wp-content\/uploads\/2021\/07\/2107-life2955-16.jpg'><img loading=\"lazy\" decoding=\"async\" width=\"300\" height=\"200\" src=\"https:\/\/www.timor-rocks.com\/image-latente\/wp-content\/uploads\/2021\/07\/2107-life2955-16-300x200.jpg\" class=\"attachment-medium size-medium\" alt=\"\" srcset=\"https:\/\/www.timor-rocks.com\/image-latente\/wp-content\/uploads\/2021\/07\/2107-life2955-16-300x200.jpg 300w, https:\/\/www.timor-rocks.com\/image-latente\/wp-content\/uploads\/2021\/07\/2107-life2955-16-1024x684.jpg 1024w, https:\/\/www.timor-rocks.com\/image-latente\/wp-content\/uploads\/2021\/07\/2107-life2955-16-768x513.jpg 768w, https:\/\/www.timor-rocks.com\/image-latente\/wp-content\/uploads\/2021\/07\/2107-life2955-16-1536x1025.jpg 1536w, https:\/\/www.timor-rocks.com\/image-latente\/wp-content\/uploads\/2021\/07\/2107-life2955-16.jpg 1600w\" sizes=\"auto, (max-width: 300px) 100vw, 300px\" \/><\/a>\n\t\t\t<\/div><\/figure>\n\t\t<\/div>\n\n<p>&#8211; &#8211; &#8211;<\/p>\n<p><a href=\"https:\/\/www.timor-rocks.com\/image-latente\/wp-content\/uploads\/2021\/07\/IL-affichettes-libraires-Reptile.pdf\" target=\"_blank\" rel=\"noopener\"><img loading=\"lazy\" decoding=\"async\" class=\"alignleft wp-image-216 size-full\" title=\"T\u00e9l\u00e9chargez la fiche en PDF\" src=\"https:\/\/www.timor-rocks.com\/image-latente\/wp-content\/uploads\/2014\/09\/pdf-butt-03-2014..jpg\" alt=\"\" width=\"38\" height=\"51\" \/><\/a>Fiche compl\u00e8te pour les professionnels<br \/>\n(libraires, biblioth\u00e9caires, critiques&#8230;)<\/p>\n<p>&#8211; &#8211; &#8211;<\/p>\n<p>En r\u00e9sum\u00e9<\/p>\n<p><em>Reptile est un concert de mots qui fait \u00e9cho au d\u00e9sordre de l\u2019amour, \u00e0 nos pulsions de vie et de mort, vibrantes d\u2019\u00e9nergie, de chaos et de vitalit\u00e9 !\u00a0En nous plongeant dans les entrailles d\u2019un studio d\u2019enregistrement, o\u00f9 se m\u00e9langent les voix du cin\u00e9ma et des textes sauvages soulev\u00e9s par les micros, <i>Reptile<\/i>\u00a0est un oratorio \u00e9lectrique offrant voix et mouvements \u00e0 cette force primitive qui nous traverse le c\u0153ur et nous transporte au-del\u00e0 de toute raison.<\/em><\/p>\n<p>Ce livre repr\u00e9sente une version plus qu&rsquo;int\u00e9grale de ce tr\u00e8s singulier texte de Fran\u00e7ois Chaffin \u00e9crit pour le th\u00e9\u00e2tre (Avignon, \u00e9t\u00e9 2021). Une autre mise en espace, de papier cette fois. \u00c0 travers les photographies d&rsquo;Ernesto Timor qui surgissent en regard des mots, il s&rsquo;y invite un genre de troisi\u00e8me personnage hybride, floral, scandaleusement \u00e9carlate, qui offre en \u00e9cho son dr\u00f4le de cin\u00e9ma.<\/p>\n<p>&#8211; &#8211; &#8211;<\/p>\n<pre><strong>Presse.<\/strong>\u00a0Un tourbillon po\u00e9tique, teint\u00e9 de rouges, de bleus et d\u2019or. Ce n\u2019est d\u00e9finitivement pas une histoire d\u2019amour. Ce sont mille histoires. Toutes les n\u00f4tres et celles des autres. On s\u2019y laisse glisser, sensation des mots, miroirs des \u00e9motions pr\u00e9sentes, pass\u00e9es et encore \u00e0 venir. C\u2019est un petit coup au c\u0153ur. Doux et violent. R\u00e9gl\u00e9 sur un tempo universel. Celui des battements du c\u0153ur. (Karine Prost, <em>Rue du Th\u00e9\u00e2tre<\/em>, juillet 2021)<\/pre>\n<p>&#8211; &#8211; &#8211;<\/p>\n<p>Quatri\u00e8me de couverture<\/p>\n<blockquote><p>pourquoi tu restes avec moi ?<br \/>\nparce que nous habitons le m\u00eame appartement<br \/>\nparce que je suis trop petit(e) pour atteindre l\u2019\u00e9tag\u00e8re du haut<br \/>\nparce que je ne te connais qu\u2019\u00e0 moiti\u00e9<br \/>\nque je veux passer toute ma vie avec l\u2019autre moiti\u00e9<br \/>\nparce que de nous deux c\u2019est toi qui respires le mieux<br \/>\npour l\u2019\u00e9l\u00e9gance aussi<br \/>\npour \u00eatre dans le m\u00eame bain que toi<br \/>\nprendre ta temp\u00e9rature et ton pouls<br \/>\npour le bruit que \u00e7a fait quand je te touche<br \/>\nta fa\u00e7on de chauffer sous la couette<br \/>\npour faire comme si c\u2019\u00e9tait normal<br \/>\nen perdre la raison<br \/>\npour parler avec ta langue<br \/>\nboire le poison dans ta bouche<br \/>\nglisser sur tes tatouages<br \/>\nme frotter dans ton miroir<br \/>\nm\u2019enfiler sous tes habits<br \/>\nme rouler dans tes armoires<br \/>\nt\u00e2ter de ton soleil<br \/>\nt\u00e2ter de ta lune<br \/>\nte suivre \u00e0 la trace<br \/>\nte suivre du regard<br \/>\npour en prendre plein mes yeux<br \/>\nte servir de girophare<br \/>\npour en \u00eatre pardi<br \/>\nme noyer dans ton verre<br \/>\ntomber raide quand tu dis oui<br \/>\ntomber raide quand tu dis non<br \/>\npour la rapidit\u00e9 de tes soins<br \/>\nton service impeccable<br \/>\nton rapport qualit\u00e9<br \/>\nta norme europ\u00e9enne<br \/>\nton excellent ratio poids-taille<br \/>\nton agriculture g\u00e9n\u00e9rale<br \/>\nton tarif doux<br \/>\nparce que tu es l\u00e0 c\u2019est dingue<br \/>\ntu es en promotion<br \/>\net moi je suis client(e)<br \/>\npour rester jusqu\u2019\u00e0 la fin<br \/>\npour \u00e9crire dans ton lit<br \/>\nparce que sans toi je ne sais pas&#8230;<\/p><\/blockquote>\n<p>&#8211; &#8211; &#8211;<\/p>\n<pre><strong>Fran\u00e7ois Chaffin<\/strong> est \"auteur en sc\u00e8ne\" et agitateur de la compagnie Th\u00e9\u00e2tre du Menteur. Il conjugue son travail d\u2019\u00e9criture (\u00e0 voix haute) avec son go\u00fbt pour le plateau, laissant sa langue baroque tisser avec les paysages sc\u00e9niques une dramaturgie des plus singuli\u00e8res. Ses productions se tournent volontiers vers le \"concert de mots\", alliage des codes du th\u00e9\u00e2tre et de la musique, et offrent aux interpr\u00e8tes un rapport frontal au public, o\u00f9 rythmicit\u00e9 et musicalit\u00e9 du texte servent avant tout une \u00e9nergie po\u00e9tique autant que politique. Il est l\u2019auteur d\u2019une vingtaine de pi\u00e8ces, dont certaines pour les publics jeunes, anime de nombreuses fabriques d\u2019\u00e9criture et de r\u00e9cit audiovisuel, cherchant sans rel\u00e2che \u00e0 relier l\u2019ordinaire et l\u2019enchanteur\u2026<\/pre>\n<pre><strong>Ernesto Timor<\/strong> est photographe et graphiste. Entre le portrait et l\u2019inanim\u00e9, le naturel et la pose, le r\u00e9el sans artifice et l\u2019imaginaire, il aime choisir la confusion des genres. Adepte de la s\u00e9quence et de la narration avec ou sans paroles, il se tourne souvent vers des restitutions en forme de parcours\u00a0: accrochages in situ, labyrinthes web, rencontre avec le livre \u2014 cette esp\u00e8ce d\u2019espace \u2014 ou acoquinage avec d\u2019autres comparses plus bruyants que lui. Il accompagne les cr\u00e9ations du Th\u00e9\u00e2tre du Menteur depuis une\u00a0quinzaine d\u2019ann\u00e9es.<\/pre>\n<pre><strong>D\u2019autres mix photos d\u2019Ernesto Timor + mots de Fran\u00e7ois Chaffin<\/strong>\r\n<em>Black Variations<\/em>, suite de films photographiques en \u00e9cho \u00e0 <em>Entretiens avec la mer<\/em>.\r\n<em>Les\u00a0Salles d\u2019attente<\/em>, suite de films photographiques en \u00e9cho \u00e0 <em>Je suis contre la mort<\/em>. \r\n<em>Le d\u00e9molisseur sur rendez-vous et autres m\u00e9tiers r\u00eav\u00e9s<\/em>, saga de portraits inspir\u00e9e par 51 mots pour dire la sueur.<\/pre>\n<p>&#8211; &#8211; &#8211;<\/p>\n<p>En vente en librairie (en ligne et pr\u00e8s de chez vous), ainsi qu&rsquo;\u00e0 l&rsquo;occasion des repr\u00e9sentations (voir calendrier de tourn\u00e9e du <a title=\"Hop, l\u00e0-bas !\" href=\"http:\/\/www.theatre-du-menteur.com\/?page_id=1256\">Th\u00e9\u00e2tre du Menteur<\/a>).<\/p>\n<p>Pour commander directement et nous payer par ch\u00e8que, cliquer <a title=\"Comment commander\" href=\"http:\/\/www.timor-rocks.com\/image-latente\/image-latente\/comment-commander\/\">ici<\/a>.<\/p>\n<form action=\"https:\/\/www.paypal.com\/cgi-bin\/webscr\" method=\"post\" target=\"paypal\"><input name=\"cmd\" type=\"hidden\" value=\"_s-xclick\" \/><br \/>\n<input name=\"hosted_button_id\" type=\"hidden\" value=\"2MPFJBJM88SEU\" \/><br \/>\n<input alt=\"PayPal, le r\u00e9flexe s\u00e9curit\u00e9 pour payer en ligne\" name=\"submit\" src=\"https:\/\/www.paypalobjects.com\/fr_FR\/FR\/i\/btn\/btn_cart_LG.gif\" type=\"image\" \/><br \/>\n<img loading=\"lazy\" decoding=\"async\" src=\"https:\/\/www.paypalobjects.com\/fr_FR\/i\/scr\/pixel.gif\" alt=\"\" width=\"1\" height=\"1\" border=\"0\" \/><\/form>\n<p>Commande directe avec paiement en ligne ici-m\u00eame (paiement s\u00e9curis\u00e9 par CB ou Paypal, d\u00e9lais r\u00e9duits, port offert)<\/p>\n<p><span style=\"border-radius: 2px; text-indent: 20px; width: auto; padding: 0px 4px 0px 0px; text-align: center; font: bold 11px\/20px 'Helvetica Neue',Helvetica,sans-serif; color: #ffffff; background: #bd081c no-repeat scroll 3px 50% \/ 14px 14px; position: absolute; opacity: 1; z-index: 8675309; display: none; cursor: pointer;\">Enregistrer<\/span><\/p>\n<p><span style=\"border-radius: 2px; text-indent: 20px; width: auto; padding: 0px 4px 0px 0px; text-align: center; font: bold 11px\/20px 'Helvetica Neue',Helvetica,sans-serif; color: #ffffff; background: #bd081c no-repeat scroll 3px 50% \/ 14px 14px; position: absolute; opacity: 1; z-index: 8675309; display: none; cursor: pointer;\">Enregistrer<\/span><\/p>\n","protected":false},"excerpt":{"rendered":"<p>Texte de Fran\u00e7ois Chaffin (int\u00e9grale et plus encore de la pi\u00e8ce Reptile). Illustr\u00e9 de 15 photographies\u00a0d&rsquo;Ernesto Timor. Livre : 50 pages + couverture, format 15 x 21 cm, quadrichromie, dos carr\u00e9. Co-\u00e9d. Image Latente et Th\u00e9\u00e2tre du Menteur. ISBN N\u00b0 978-2-910805-26-5 Prix : 12 \u20ac. (Sortie 7 juillet 2021.) &#8211; &#8211; &#8211; &#8211; &#8211; &#8211; &hellip; <a href=\"https:\/\/www.timor-rocks.com\/image-latente\/publications\/reptile\/\" class=\"more-link\">Continuer la lecture de <span class=\"screen-reader-text\">Reptile<\/span>  <span class=\"meta-nav\">&rarr;<\/span><\/a><\/p>\n","protected":false},"author":1,"featured_media":0,"parent":68,"menu_order":0,"comment_status":"closed","ping_status":"closed","template":"","meta":{"footnotes":""},"class_list":["post-488","page","type-page","status-publish","hentry","wpautop"],"_links":{"self":[{"href":"https:\/\/www.timor-rocks.com\/image-latente\/wp-json\/wp\/v2\/pages\/488","targetHints":{"allow":["GET"]}}],"collection":[{"href":"https:\/\/www.timor-rocks.com\/image-latente\/wp-json\/wp\/v2\/pages"}],"about":[{"href":"https:\/\/www.timor-rocks.com\/image-latente\/wp-json\/wp\/v2\/types\/page"}],"author":[{"embeddable":true,"href":"https:\/\/www.timor-rocks.com\/image-latente\/wp-json\/wp\/v2\/users\/1"}],"replies":[{"embeddable":true,"href":"https:\/\/www.timor-rocks.com\/image-latente\/wp-json\/wp\/v2\/comments?post=488"}],"version-history":[{"count":5,"href":"https:\/\/www.timor-rocks.com\/image-latente\/wp-json\/wp\/v2\/pages\/488\/revisions"}],"predecessor-version":[{"id":623,"href":"https:\/\/www.timor-rocks.com\/image-latente\/wp-json\/wp\/v2\/pages\/488\/revisions\/623"}],"up":[{"embeddable":true,"href":"https:\/\/www.timor-rocks.com\/image-latente\/wp-json\/wp\/v2\/pages\/68"}],"wp:attachment":[{"href":"https:\/\/www.timor-rocks.com\/image-latente\/wp-json\/wp\/v2\/media?parent=488"}],"curies":[{"name":"wp","href":"https:\/\/api.w.org\/{rel}","templated":true}]}}