{"id":443,"date":"2016-05-29T08:05:25","date_gmt":"2016-05-29T07:05:25","guid":{"rendered":"http:\/\/www.timor-rocks.com\/image-latente\/?page_id=443"},"modified":"2025-07-16T15:07:22","modified_gmt":"2025-07-16T14:07:22","slug":"je-suis-contre-la-mort","status":"publish","type":"page","link":"https:\/\/www.timor-rocks.com\/image-latente\/publications\/je-suis-contre-la-mort\/","title":{"rendered":"Je suis contre la mort"},"content":{"rendered":"<h6><strong><em><a href=\"https:\/\/www.timor-rocks.com\/image-latente\/wp-content\/uploads\/2016\/05\/JSCLM_1re-couv.jpg\"><img loading=\"lazy\" decoding=\"async\" class=\"alignleft wp-image-446 size-medium\" src=\"http:\/\/www.timor-rocks.com\/image-latente\/wp-content\/uploads\/2016\/05\/JSCLM_1re-couv-211x300.jpg\" width=\"211\" height=\"300\" srcset=\"https:\/\/www.timor-rocks.com\/image-latente\/wp-content\/uploads\/2016\/05\/JSCLM_1re-couv-211x300.jpg 211w, https:\/\/www.timor-rocks.com\/image-latente\/wp-content\/uploads\/2016\/05\/JSCLM_1re-couv.jpg 493w\" sizes=\"auto, (max-width: 211px) 100vw, 211px\" \/><\/a><\/em><\/strong>Texte de Fran\u00e7ois Chaffin (int\u00e9grale de la pi\u00e8ce <strong><em>Je suis contre la mort <\/em><\/strong>). Suivi d&rsquo;un album photo de r\u00e9p\u00e9titions du spectacle cr\u00e9\u00e9 par le Th\u00e9\u00e2tre du Menteur au printemps 2016. Compl\u00e9t\u00e9 d&rsquo;un bonus multim\u00e9dia : pistes sonores du spectacle (musiques d\u2019Appat203), les<em> Salles d&rsquo;attente<\/em> (films photographiques d&rsquo;Ernesto Timor et Fran\u00e7ois Chaffin).<\/h6>\n<p>Livre : 48 pages + couverture, format 15 x 21 cm, quadrichromie, dos carr\u00e9. Comporte un acc\u00e8s aux suppl\u00e9ments multim\u00e9dia en ligne.<br \/>\nCo-\u00e9d. Image Latente et Th\u00e9\u00e2tre du Menteur.<br \/>\nISBN N\u00b0 978-2-910805-25-8<br \/>\nPrix : 12 \u20ac. (Sortie le 24 juin 2016.)<\/p>\n<p>&#8211; &#8211; &#8211;<\/p>\n<div id='gallery-1' class='gallery galleryid-443 gallery-columns-4 gallery-size-medium'><figure class='gallery-item'>\n\t\t\t<div class='gallery-icon landscape'>\n\t\t\t\t<a href='https:\/\/www.timor-rocks.com\/image-latente\/wp-content\/uploads\/2016\/05\/1606-i-l-com5072.jpg'><img loading=\"lazy\" decoding=\"async\" width=\"300\" height=\"200\" src=\"https:\/\/www.timor-rocks.com\/image-latente\/wp-content\/uploads\/2016\/05\/1606-i-l-com5072-300x200.jpg\" class=\"attachment-medium size-medium\" alt=\"\" aria-describedby=\"gallery-1-460\" srcset=\"https:\/\/www.timor-rocks.com\/image-latente\/wp-content\/uploads\/2016\/05\/1606-i-l-com5072-300x200.jpg 300w, https:\/\/www.timor-rocks.com\/image-latente\/wp-content\/uploads\/2016\/05\/1606-i-l-com5072.jpg 700w\" sizes=\"auto, (max-width: 300px) 100vw, 300px\" \/><\/a>\n\t\t\t<\/div>\n\t\t\t\t<figcaption class='wp-caption-text gallery-caption' id='gallery-1-460'>\n\t\t\t\t4e de couverture\n\t\t\t\t<\/figcaption><\/figure><figure class='gallery-item'>\n\t\t\t<div class='gallery-icon landscape'>\n\t\t\t\t<a href='https:\/\/www.timor-rocks.com\/image-latente\/wp-content\/uploads\/2016\/05\/1606-i-l-com5073.jpg'><img loading=\"lazy\" decoding=\"async\" width=\"300\" height=\"200\" src=\"https:\/\/www.timor-rocks.com\/image-latente\/wp-content\/uploads\/2016\/05\/1606-i-l-com5073-300x200.jpg\" class=\"attachment-medium size-medium\" alt=\"\" aria-describedby=\"gallery-1-461\" srcset=\"https:\/\/www.timor-rocks.com\/image-latente\/wp-content\/uploads\/2016\/05\/1606-i-l-com5073-300x200.jpg 300w, https:\/\/www.timor-rocks.com\/image-latente\/wp-content\/uploads\/2016\/05\/1606-i-l-com5073.jpg 700w\" sizes=\"auto, (max-width: 300px) 100vw, 300px\" \/><\/a>\n\t\t\t<\/div>\n\t\t\t\t<figcaption class='wp-caption-text gallery-caption' id='gallery-1-461'>\n\t\t\t\tOuverture du livre\n\t\t\t\t<\/figcaption><\/figure><figure class='gallery-item'>\n\t\t\t<div class='gallery-icon landscape'>\n\t\t\t\t<a href='https:\/\/www.timor-rocks.com\/image-latente\/wp-content\/uploads\/2016\/05\/1606-i-l-com5075.jpg'><img loading=\"lazy\" decoding=\"async\" width=\"300\" height=\"200\" src=\"https:\/\/www.timor-rocks.com\/image-latente\/wp-content\/uploads\/2016\/05\/1606-i-l-com5075-300x200.jpg\" class=\"attachment-medium size-medium\" alt=\"\" aria-describedby=\"gallery-1-468\" srcset=\"https:\/\/www.timor-rocks.com\/image-latente\/wp-content\/uploads\/2016\/05\/1606-i-l-com5075-300x200.jpg 300w, https:\/\/www.timor-rocks.com\/image-latente\/wp-content\/uploads\/2016\/05\/1606-i-l-com5075.jpg 700w\" sizes=\"auto, (max-width: 300px) 100vw, 300px\" \/><\/a>\n\t\t\t<\/div>\n\t\t\t\t<figcaption class='wp-caption-text gallery-caption' id='gallery-1-468'>\n\t\t\t\tSommaire\n\t\t\t\t<\/figcaption><\/figure><figure class='gallery-item'>\n\t\t\t<div class='gallery-icon landscape'>\n\t\t\t\t<a href='https:\/\/www.timor-rocks.com\/image-latente\/wp-content\/uploads\/2016\/05\/1606-i-l-com5076.jpg'><img loading=\"lazy\" decoding=\"async\" width=\"300\" height=\"200\" src=\"https:\/\/www.timor-rocks.com\/image-latente\/wp-content\/uploads\/2016\/05\/1606-i-l-com5076-300x200.jpg\" class=\"attachment-medium size-medium\" alt=\"\" aria-describedby=\"gallery-1-463\" srcset=\"https:\/\/www.timor-rocks.com\/image-latente\/wp-content\/uploads\/2016\/05\/1606-i-l-com5076-300x200.jpg 300w, https:\/\/www.timor-rocks.com\/image-latente\/wp-content\/uploads\/2016\/05\/1606-i-l-com5076.jpg 700w\" sizes=\"auto, (max-width: 300px) 100vw, 300px\" \/><\/a>\n\t\t\t<\/div>\n\t\t\t\t<figcaption class='wp-caption-text gallery-caption' id='gallery-1-463'>\n\t\t\t\tTexte int\u00e9gral de la pi\u00e8ce\n\t\t\t\t<\/figcaption><\/figure><figure class='gallery-item'>\n\t\t\t<div class='gallery-icon landscape'>\n\t\t\t\t<a href='https:\/\/www.timor-rocks.com\/image-latente\/wp-content\/uploads\/2016\/05\/1606-i-l-com5078.jpg'><img loading=\"lazy\" decoding=\"async\" width=\"300\" height=\"200\" src=\"https:\/\/www.timor-rocks.com\/image-latente\/wp-content\/uploads\/2016\/05\/1606-i-l-com5078-300x200.jpg\" class=\"attachment-medium size-medium\" alt=\"\" aria-describedby=\"gallery-1-464\" srcset=\"https:\/\/www.timor-rocks.com\/image-latente\/wp-content\/uploads\/2016\/05\/1606-i-l-com5078-300x200.jpg 300w, https:\/\/www.timor-rocks.com\/image-latente\/wp-content\/uploads\/2016\/05\/1606-i-l-com5078.jpg 700w\" sizes=\"auto, (max-width: 300px) 100vw, 300px\" \/><\/a>\n\t\t\t<\/div>\n\t\t\t\t<figcaption class='wp-caption-text gallery-caption' id='gallery-1-464'>\n\t\t\t\tAlbum de la cr\u00e9ation\n\t\t\t\t<\/figcaption><\/figure><figure class='gallery-item'>\n\t\t\t<div class='gallery-icon landscape'>\n\t\t\t\t<a href='https:\/\/www.timor-rocks.com\/image-latente\/wp-content\/uploads\/2016\/05\/1606-i-l-com5080.jpg'><img loading=\"lazy\" decoding=\"async\" width=\"300\" height=\"200\" src=\"https:\/\/www.timor-rocks.com\/image-latente\/wp-content\/uploads\/2016\/05\/1606-i-l-com5080-300x200.jpg\" class=\"attachment-medium size-medium\" alt=\"\" aria-describedby=\"gallery-1-465\" srcset=\"https:\/\/www.timor-rocks.com\/image-latente\/wp-content\/uploads\/2016\/05\/1606-i-l-com5080-300x200.jpg 300w, https:\/\/www.timor-rocks.com\/image-latente\/wp-content\/uploads\/2016\/05\/1606-i-l-com5080.jpg 700w\" sizes=\"auto, (max-width: 300px) 100vw, 300px\" \/><\/a>\n\t\t\t<\/div>\n\t\t\t\t<figcaption class='wp-caption-text gallery-caption' id='gallery-1-465'>\n\t\t\t\tAlbum de la cr\u00e9ation\n\t\t\t\t<\/figcaption><\/figure><figure class='gallery-item'>\n\t\t\t<div class='gallery-icon landscape'>\n\t\t\t\t<a href='https:\/\/www.timor-rocks.com\/image-latente\/wp-content\/uploads\/2016\/05\/1606-i-l-com5081.jpg'><img loading=\"lazy\" decoding=\"async\" width=\"300\" height=\"200\" src=\"https:\/\/www.timor-rocks.com\/image-latente\/wp-content\/uploads\/2016\/05\/1606-i-l-com5081-300x200.jpg\" class=\"attachment-medium size-medium\" alt=\"\" aria-describedby=\"gallery-1-466\" srcset=\"https:\/\/www.timor-rocks.com\/image-latente\/wp-content\/uploads\/2016\/05\/1606-i-l-com5081-300x200.jpg 300w, https:\/\/www.timor-rocks.com\/image-latente\/wp-content\/uploads\/2016\/05\/1606-i-l-com5081.jpg 700w\" sizes=\"auto, (max-width: 300px) 100vw, 300px\" \/><\/a>\n\t\t\t<\/div>\n\t\t\t\t<figcaption class='wp-caption-text gallery-caption' id='gallery-1-466'>\n\t\t\t\tAlbum de la cr\u00e9ation\n\t\t\t\t<\/figcaption><\/figure><figure class='gallery-item'>\n\t\t\t<div class='gallery-icon landscape'>\n\t\t\t\t<a href='https:\/\/www.timor-rocks.com\/image-latente\/wp-content\/uploads\/2016\/05\/1606-i-l-com5084.jpg'><img loading=\"lazy\" decoding=\"async\" width=\"300\" height=\"200\" src=\"https:\/\/www.timor-rocks.com\/image-latente\/wp-content\/uploads\/2016\/05\/1606-i-l-com5084-300x200.jpg\" class=\"attachment-medium size-medium\" alt=\"\" aria-describedby=\"gallery-1-467\" srcset=\"https:\/\/www.timor-rocks.com\/image-latente\/wp-content\/uploads\/2016\/05\/1606-i-l-com5084-300x200.jpg 300w, https:\/\/www.timor-rocks.com\/image-latente\/wp-content\/uploads\/2016\/05\/1606-i-l-com5084.jpg 700w\" sizes=\"auto, (max-width: 300px) 100vw, 300px\" \/><\/a>\n\t\t\t<\/div>\n\t\t\t\t<figcaption class='wp-caption-text gallery-caption' id='gallery-1-467'>\n\t\t\t\tExtraits des \u00ab\u00a0Salles d&rsquo;attente\u00a0\u00bb\n\t\t\t\t<\/figcaption><\/figure>\n\t\t<\/div>\n\n<p>&#8211; &#8211; &#8211;<\/p>\n<p><a href=\"https:\/\/www.timor-rocks.com\/image-latente\/wp-content\/uploads\/2016\/05\/IL-affichettes-libraires-JSCLM.pdf\" target=\"_blank\" rel=\"noopener\"><img loading=\"lazy\" decoding=\"async\" class=\"alignleft wp-image-216 size-full\" title=\"T\u00e9l\u00e9chargez la fiche en PDF\" src=\"https:\/\/www.timor-rocks.com\/image-latente\/wp-content\/uploads\/2014\/09\/pdf-butt-03-2014..jpg\" alt=\"\" width=\"38\" height=\"51\" \/><\/a>Fiche compl\u00e8te pour les professionnels<br \/>\n(libraires, biblioth\u00e9caires, critiques&#8230;)<\/p>\n<p>&#8211; &#8211; &#8211;<\/p>\n<p>Extrait de la pr\u00e9sentation<\/p>\n<blockquote><p>Parce que c\u2019est la crise et que ce n\u2019est pas le bon moment ?!<br \/>\nParce qu\u2019il faut se serrer la ceinture et garder les pieds sur terre ?!<br \/>\nParce que c\u2019est comme \u00e7a, pour tout le monde pareil, parce qu\u2019on n\u2019y peut rien ?!<br \/>\nParce que demain est une mauvaise nouvelle ?!<\/p>\n<p>Je suis contre la mort est un concert de mots, un oratorio sur la force de vie et tout ce que nous tentons pour nous opposer \u00e0 la crise et\u00a0aux appels \u00e0 la r\u00e9signation.<\/p>\n<p>Soulev\u00e9 par une musique \u00e9lectro-inventive et un verbe impulsif, le spectacle m\u00e9lange les \u00e9nergies du th\u00e9\u00e2tre et du concert, faisant \u00e9cho \u00e0 nos d\u00e9sirs, \u00e0\u00a0tout ce que nous offre le vivant&#8230;<\/p>\n<p>Alors qui pour se jeter en l\u2019air au-dessus des ordinaires, s\u2019allumer entre chien et loup\u00a0? Allez, il faut que \u00e7a flambe !<\/p><\/blockquote>\n<address>&#8211; &#8211; &#8211;<\/address>\n<address>Feuilletez un extrait du livre&#8230;<\/address>\n<div class=\"issuuembed\" style=\"width: 650px; height: 462px;\" data-configid=\"7865324\/36158648\"><\/div>\n<p><script src=\"\/\/e.issuu.com\/embed.js\" async=\"true\" type=\"text\/javascript\"><\/script><br \/>\n&#8211; &#8211; &#8211;<\/p>\n<pre><strong>Fran\u00e7ois Chaffin<\/strong> se d\u00e9finit comme \u00ab auteur-en-sc\u00e8ne \u00bb. Auteur de nombreux textes, dont <em>La morsure du citron<\/em>, <em>Prom\u00e9th\u00e9e po\u00e8me \u00e9lectrique <\/em>et<em> <em>Entretiens avec la mer<\/em>,<\/em> il dirige depuis 1987 le Th\u00e9\u00e2tre du Menteur. Il poursuit ici son exploration sensible d\u2019une \u00e9criture baroque, notamment par le maillage des voix et de la mati\u00e8re sonore, dans lequel se conjuguent les paysages visuels et l\u2019engagement des corps.<\/pre>\n<pre><strong>Ernesto Timor<\/strong> accompagne les cr\u00e9ations du Th\u00e9\u00e2tre du Menteur depuis plus de 12 ans. Au-del\u00e0 de la r\u00e9alisation graphique de cet ouvrage et du travail photographique li\u00e9 au spectacle, il a men\u00e9 en duo avec Fran\u00e7ois Chaffin un  nouveau side-project singulier en \u00e9cho \u00e0 <em>Je suis contre la mort<\/em> : les <em>Salles d\u2019attente<\/em>, s\u00e9rie de courts films photographiques \u00e0 retrouver sur le bonus multim\u00e9dia.<\/pre>\n<p>&#8211; &#8211; &#8211;<\/p>\n<p>En vente en librairie (en ligne et pr\u00e8s de chez vous), ainsi qu&rsquo;\u00e0 l&rsquo;occasion des repr\u00e9sentations (voir calendrier de tourn\u00e9e du <a title=\"Hop, l\u00e0-bas !\" href=\"http:\/\/www.theatre-du-menteur.com\/?page_id=1256\">Th\u00e9\u00e2tre du Menteur<\/a>).<\/p>\n<p>Pour commander directement et nous payer par ch\u00e8que, cliquer <a title=\"Comment commander\" href=\"http:\/\/www.timor-rocks.com\/image-latente\/image-latente\/comment-commander\/\">ici<\/a>.<\/p>\n<form action=\"https:\/\/www.paypal.com\/cgi-bin\/webscr\" method=\"post\" target=\"paypal\"><input name=\"cmd\" type=\"hidden\" value=\"_s-xclick\" \/><br \/>\n<input name=\"hosted_button_id\" type=\"hidden\" value=\"342GRPDHQ5Y2Q\" \/><br \/>\n<input alt=\"PayPal, le r\u00e9flexe s\u00e9curit\u00e9 pour payer en ligne\" name=\"submit\" src=\"https:\/\/www.paypalobjects.com\/fr_FR\/FR\/i\/btn\/btn_cart_LG.gif\" type=\"image\" \/><br \/>\n<img loading=\"lazy\" decoding=\"async\" src=\"https:\/\/www.paypalobjects.com\/fr_FR\/i\/scr\/pixel.gif\" alt=\"\" width=\"1\" height=\"1\" border=\"0\" \/><\/form>\n<p>Commande directe avec paiement en ligne ici-m\u00eame (paiement s\u00e9curis\u00e9 par CB ou Paypal, d\u00e9lais r\u00e9duits, port offert)<\/p>\n<p><span style=\"border-radius: 2px; text-indent: 20px; width: auto; padding: 0px 4px 0px 0px; text-align: center; font: bold 11px\/20px 'Helvetica Neue',Helvetica,sans-serif; color: #ffffff; background: #bd081c no-repeat scroll 3px 50% \/ 14px 14px; position: absolute; opacity: 1; z-index: 8675309; display: none; cursor: pointer;\">Enregistrer<\/span><\/p>\n<p><span style=\"border-radius: 2px; text-indent: 20px; width: auto; padding: 0px 4px 0px 0px; text-align: center; font: bold 11px\/20px 'Helvetica Neue',Helvetica,sans-serif; color: #ffffff; background: #bd081c no-repeat scroll 3px 50% \/ 14px 14px; position: absolute; opacity: 1; z-index: 8675309; display: none; cursor: pointer;\">Enregistrer<\/span><\/p>\n","protected":false},"excerpt":{"rendered":"<p>Texte de Fran\u00e7ois Chaffin (int\u00e9grale de la pi\u00e8ce Je suis contre la mort ). Suivi d&rsquo;un album photo de r\u00e9p\u00e9titions du spectacle cr\u00e9\u00e9 par le Th\u00e9\u00e2tre du Menteur au printemps 2016. Compl\u00e9t\u00e9 d&rsquo;un bonus multim\u00e9dia : pistes sonores du spectacle (musiques d\u2019Appat203), les Salles d&rsquo;attente (films photographiques d&rsquo;Ernesto Timor et Fran\u00e7ois Chaffin). Livre : 48 &hellip; <a href=\"https:\/\/www.timor-rocks.com\/image-latente\/publications\/je-suis-contre-la-mort\/\" class=\"more-link\">Continuer la lecture de <span class=\"screen-reader-text\">Je suis contre la mort<\/span>  <span class=\"meta-nav\">&rarr;<\/span><\/a><\/p>\n","protected":false},"author":1,"featured_media":0,"parent":68,"menu_order":0,"comment_status":"closed","ping_status":"closed","template":"","meta":{"footnotes":""},"class_list":["post-443","page","type-page","status-publish","hentry","wpautop"],"_links":{"self":[{"href":"https:\/\/www.timor-rocks.com\/image-latente\/wp-json\/wp\/v2\/pages\/443","targetHints":{"allow":["GET"]}}],"collection":[{"href":"https:\/\/www.timor-rocks.com\/image-latente\/wp-json\/wp\/v2\/pages"}],"about":[{"href":"https:\/\/www.timor-rocks.com\/image-latente\/wp-json\/wp\/v2\/types\/page"}],"author":[{"embeddable":true,"href":"https:\/\/www.timor-rocks.com\/image-latente\/wp-json\/wp\/v2\/users\/1"}],"replies":[{"embeddable":true,"href":"https:\/\/www.timor-rocks.com\/image-latente\/wp-json\/wp\/v2\/comments?post=443"}],"version-history":[{"count":4,"href":"https:\/\/www.timor-rocks.com\/image-latente\/wp-json\/wp\/v2\/pages\/443\/revisions"}],"predecessor-version":[{"id":624,"href":"https:\/\/www.timor-rocks.com\/image-latente\/wp-json\/wp\/v2\/pages\/443\/revisions\/624"}],"up":[{"embeddable":true,"href":"https:\/\/www.timor-rocks.com\/image-latente\/wp-json\/wp\/v2\/pages\/68"}],"wp:attachment":[{"href":"https:\/\/www.timor-rocks.com\/image-latente\/wp-json\/wp\/v2\/media?parent=443"}],"curies":[{"name":"wp","href":"https:\/\/api.w.org\/{rel}","templated":true}]}}