{"id":269,"date":"2014-11-29T09:31:35","date_gmt":"2014-11-29T08:31:35","guid":{"rendered":"http:\/\/www.timor-rocks.com\/image-latente\/?page_id=269"},"modified":"2025-07-16T15:08:38","modified_gmt":"2025-07-16T14:08:38","slug":"mes-champs-visuels-1","status":"publish","type":"page","link":"https:\/\/www.timor-rocks.com\/image-latente\/publications\/mes-champs-visuels-1\/","title":{"rendered":"Mes champs visuels #1"},"content":{"rendered":"<h6><strong><a href=\"http:\/\/www.timor-rocks.com\/image-latente\/wp-content\/uploads\/2014\/11\/MCHVZ1_une-web.jpg\"><img loading=\"lazy\" decoding=\"async\" class=\"alignleft wp-image-321 size-medium\" title=\"Cliquer pour agrandir\" src=\"http:\/\/www.timor-rocks.com\/image-latente\/wp-content\/uploads\/2014\/11\/MCHVZ1_une-web-300x151.jpg\" alt=\"\" width=\"300\" height=\"151\" srcset=\"https:\/\/www.timor-rocks.com\/image-latente\/wp-content\/uploads\/2014\/11\/MCHVZ1_une-web-300x151.jpg 300w, https:\/\/www.timor-rocks.com\/image-latente\/wp-content\/uploads\/2014\/11\/MCHVZ1_une-web.jpg 700w\" sizes=\"auto, (max-width: 300px) 100vw, 300px\" \/><\/a>Mes champs visuels [ Apparitions &amp; Reconstructions ], Cycle #1.<br \/>\nUne petite forme photographique d\u2019Ernesto Timor.<\/strong><\/h6>\n<p>24 pages, format 15 x 30 cm \u00e0 l\u2019italienne, quadrichromie, papier Cyclus.<\/p>\n<p>Collection Surfaces sensibles.<\/p>\n<p>Image Latente \u00e9ditions.<br \/>\nISBN N\u00b0 978-2-910805-23-4<br \/>\nPrix : 13,50 \u20ac (port compris)<br \/>\n(Sortie le 15 d\u00e9cembre 2014.)<br \/>\nCommande en bas de page&#8230;<\/p>\n<p>&#8211; &#8211; &#8211;<\/p>\n<div id='gallery-1' class='gallery galleryid-269 gallery-columns-4 gallery-size-medium'><figure class='gallery-item'>\n\t\t\t<div class='gallery-icon landscape'>\n\t\t\t\t<a href='https:\/\/www.timor-rocks.com\/image-latente\/wp-content\/uploads\/2014\/11\/1412-i-l-com9515.jpg'><img loading=\"lazy\" decoding=\"async\" width=\"300\" height=\"199\" src=\"https:\/\/www.timor-rocks.com\/image-latente\/wp-content\/uploads\/2014\/11\/1412-i-l-com9515-300x199.jpg\" class=\"attachment-medium size-medium\" alt=\"\" aria-describedby=\"gallery-1-320\" srcset=\"https:\/\/www.timor-rocks.com\/image-latente\/wp-content\/uploads\/2014\/11\/1412-i-l-com9515-300x199.jpg 300w, https:\/\/www.timor-rocks.com\/image-latente\/wp-content\/uploads\/2014\/11\/1412-i-l-com9515.jpg 700w\" sizes=\"auto, (max-width: 300px) 100vw, 300px\" \/><\/a>\n\t\t\t<\/div>\n\t\t\t\t<figcaption class='wp-caption-text gallery-caption' id='gallery-1-320'>\n\t\t\t\tMes champs visuels, cycle 1. Aper\u00e7us.\n\t\t\t\t<\/figcaption><\/figure><figure class='gallery-item'>\n\t\t\t<div class='gallery-icon landscape'>\n\t\t\t\t<a href='https:\/\/www.timor-rocks.com\/image-latente\/wp-content\/uploads\/2014\/11\/1412-i-l-com9510.jpg'><img loading=\"lazy\" decoding=\"async\" width=\"300\" height=\"199\" src=\"https:\/\/www.timor-rocks.com\/image-latente\/wp-content\/uploads\/2014\/11\/1412-i-l-com9510-300x199.jpg\" class=\"attachment-medium size-medium\" alt=\"\" aria-describedby=\"gallery-1-317\" srcset=\"https:\/\/www.timor-rocks.com\/image-latente\/wp-content\/uploads\/2014\/11\/1412-i-l-com9510-300x199.jpg 300w, https:\/\/www.timor-rocks.com\/image-latente\/wp-content\/uploads\/2014\/11\/1412-i-l-com9510.jpg 700w\" sizes=\"auto, (max-width: 300px) 100vw, 300px\" \/><\/a>\n\t\t\t<\/div>\n\t\t\t\t<figcaption class='wp-caption-text gallery-caption' id='gallery-1-317'>\n\t\t\t\tMes champs visuels, cycle 1. Aper\u00e7us.\n\t\t\t\t<\/figcaption><\/figure><figure class='gallery-item'>\n\t\t\t<div class='gallery-icon landscape'>\n\t\t\t\t<a href='https:\/\/www.timor-rocks.com\/image-latente\/wp-content\/uploads\/2014\/11\/1412-i-l-com9513.jpg'><img loading=\"lazy\" decoding=\"async\" width=\"300\" height=\"199\" src=\"https:\/\/www.timor-rocks.com\/image-latente\/wp-content\/uploads\/2014\/11\/1412-i-l-com9513-300x199.jpg\" class=\"attachment-medium size-medium\" alt=\"\" aria-describedby=\"gallery-1-318\" srcset=\"https:\/\/www.timor-rocks.com\/image-latente\/wp-content\/uploads\/2014\/11\/1412-i-l-com9513-300x199.jpg 300w, https:\/\/www.timor-rocks.com\/image-latente\/wp-content\/uploads\/2014\/11\/1412-i-l-com9513.jpg 700w\" sizes=\"auto, (max-width: 300px) 100vw, 300px\" \/><\/a>\n\t\t\t<\/div>\n\t\t\t\t<figcaption class='wp-caption-text gallery-caption' id='gallery-1-318'>\n\t\t\t\tMes champs visuels, cycle 1. Aper\u00e7us.\n\t\t\t\t<\/figcaption><\/figure><figure class='gallery-item'>\n\t\t\t<div class='gallery-icon landscape'>\n\t\t\t\t<a href='https:\/\/www.timor-rocks.com\/image-latente\/wp-content\/uploads\/2014\/11\/1412-i-l-com9514.jpg'><img loading=\"lazy\" decoding=\"async\" width=\"300\" height=\"199\" src=\"https:\/\/www.timor-rocks.com\/image-latente\/wp-content\/uploads\/2014\/11\/1412-i-l-com9514-300x199.jpg\" class=\"attachment-medium size-medium\" alt=\"\" aria-describedby=\"gallery-1-319\" srcset=\"https:\/\/www.timor-rocks.com\/image-latente\/wp-content\/uploads\/2014\/11\/1412-i-l-com9514-300x199.jpg 300w, https:\/\/www.timor-rocks.com\/image-latente\/wp-content\/uploads\/2014\/11\/1412-i-l-com9514.jpg 700w\" sizes=\"auto, (max-width: 300px) 100vw, 300px\" \/><\/a>\n\t\t\t<\/div>\n\t\t\t\t<figcaption class='wp-caption-text gallery-caption' id='gallery-1-319'>\n\t\t\t\tMes champs visuels, cycle 1. Aper\u00e7us.\n\t\t\t\t<\/figcaption><\/figure>\n\t\t<\/div>\n\n<p>&#8211; &#8211; &#8211;<\/p>\n<p><a href=\"http:\/\/www.timor-rocks.com\/image-latente\/wp-content\/uploads\/2014\/12\/IL-affichettes-libraires-MCHVZ1.pdf\"><img loading=\"lazy\" decoding=\"async\" class=\"alignleft wp-image-216 size-full\" title=\"T\u00e9l\u00e9chargez la fiche en PDF\" src=\"http:\/\/www.timor-rocks.com\/image-latente\/wp-content\/uploads\/2014\/09\/pdf-butt-03-2014..jpg\" alt=\"pdf-butt-03-2014.\" width=\"38\" height=\"51\" \/><\/a>Fiche compl\u00e8te pour les professionnels<br \/>\n(libraires, biblioth\u00e9caires, critiques&#8230;)<\/p>\n<p>&#8211; &#8211; &#8211;<\/p>\n<p>Extrait de la pr\u00e9sentation<\/p>\n<blockquote><p>Promenons-nous dans les bois\u2026<br \/>\nLa balade est irr\u00e9guli\u00e8re, elle s\u2019interrompt chaque fois que le paysage dicte une station. Une configuration ind\u00e9finissable, un arrangement du d\u00e9cor, une co\u00efncidence de lumi\u00e8re\u2026 bel endroit pour une apparition !<br \/>\nLe photographe d\u00e9plie son tr\u00e9pied, puis il fait son cadre \u2014 au pied de la lettre, un quadrilat\u00e8re qu\u2019il tire au cordeau, accroche comme il peut. Parfois \u00e7a rate, il ne se passe rien dans le collimateur. Que du vent. Mais parfois la grande \u00adillusion fonctionne, le fantasme prend corps : cet album en collecte les preuves.<\/p>\n<p>(Photographi\u00e9 \u00e0 Broc\u00e9liande au printemps 2014, avec apparitions et disparitions d&rsquo;Ang\u00e8le Bangor.)<\/p><\/blockquote>\n<p>&#8211; &#8211; &#8211;<\/p>\n<pre><strong>Ernesto Timor<\/strong> privil\u00e9gie l\u2019improvisation, la m\u00e9canique optique mise au service et au rythme du sujet, explorant un fil entre la distance respectueuse et le choix fr\u00e9quent de toucher au ventre. Ses sujets de pr\u00e9dilection sont faits de lieux hant\u00e9s et de figures tourn\u00e9es vers leur propre absence, de quotidien vibrant d\u2019inqui\u00e9tante \u00e9tranget\u00e9\u2026 Adepte de la s\u00e9quence et de la narration avec ou sans paroles, il se tourne vers des restitutions en forme de parcours : accrochages in situ, labyrinthes web, jusqu\u2019\u00e0 la rencontre avec le livre, cette esp\u00e8ce d\u2019espace.<\/pre>\n<p>&nbsp;<\/p>\n<p>&#8211; &#8211; &#8211;<\/p>\n<div style=\"width: 45%; float: left;\">Commande directe avec paiement en ligne ici-m\u00eame (paiement s\u00e9curis\u00e9 par CB ou Paypal, d\u00e9lais r\u00e9duits, port offert)<br \/>\n<strong><em>Mes champs visuels<\/em> #1 :<br \/>\n13,50 \u20ac (port compris)<\/strong><\/div>\n<div style=\"width: 45%; margin-left: 10%; float: left;\">\n<form action=\"https:\/\/www.paypal.com\/cgi-bin\/webscr\" method=\"post\" target=\"paypal\"><input name=\"cmd\" type=\"hidden\" value=\"_s-xclick\" \/><br \/>\n<input name=\"hosted_button_id\" type=\"hidden\" value=\"XQMBHDEZ3YW2E\" \/><br \/>\n<input alt=\"PayPal - la solution de paiement en ligne la plus simple et la plus s\u00e9curis\u00e9e !\" name=\"submit\" src=\"https:\/\/www.paypalobjects.com\/fr_FR\/FR\/i\/btn\/btn_cart_LG.gif\" type=\"image\" \/><br \/>\n<img loading=\"lazy\" decoding=\"async\" src=\"https:\/\/www.paypalobjects.com\/fr_FR\/i\/scr\/pixel.gif\" alt=\"\" width=\"1\" height=\"1\" border=\"0\" \/><\/form>\n<\/div>\n<div style=\"clear: both;\"><\/div>\n<p>&nbsp;<\/p>\n<p><br class=\"spacer\" \/>&#8211; &#8211; &#8211;<\/p>\n<p>Pour commander directement et nous payer par ch\u00e8que, cliquer <a title=\"Comment commander\" href=\"http:\/\/www.timor-rocks.com\/image-latente\/image-latente\/comment-commander\/\">ici<\/a>.<\/p>\n","protected":false},"excerpt":{"rendered":"<p>Mes champs visuels [ Apparitions &amp; Reconstructions ], Cycle #1. Une petite forme photographique d\u2019Ernesto Timor. 24 pages, format 15 x 30 cm \u00e0 l\u2019italienne, quadrichromie, papier Cyclus. Collection Surfaces sensibles. Image Latente \u00e9ditions. ISBN N\u00b0 978-2-910805-23-4 Prix : 13,50 \u20ac (port compris) (Sortie le 15 d\u00e9cembre 2014.) Commande en bas de page&#8230; &#8211; &#8211; &hellip; <a href=\"https:\/\/www.timor-rocks.com\/image-latente\/publications\/mes-champs-visuels-1\/\" class=\"more-link\">Continuer la lecture de <span class=\"screen-reader-text\">Mes champs visuels #1<\/span>  <span class=\"meta-nav\">&rarr;<\/span><\/a><\/p>\n","protected":false},"author":1,"featured_media":0,"parent":68,"menu_order":0,"comment_status":"closed","ping_status":"open","template":"","meta":{"footnotes":""},"class_list":["post-269","page","type-page","status-publish","hentry","wpautop"],"_links":{"self":[{"href":"https:\/\/www.timor-rocks.com\/image-latente\/wp-json\/wp\/v2\/pages\/269","targetHints":{"allow":["GET"]}}],"collection":[{"href":"https:\/\/www.timor-rocks.com\/image-latente\/wp-json\/wp\/v2\/pages"}],"about":[{"href":"https:\/\/www.timor-rocks.com\/image-latente\/wp-json\/wp\/v2\/types\/page"}],"author":[{"embeddable":true,"href":"https:\/\/www.timor-rocks.com\/image-latente\/wp-json\/wp\/v2\/users\/1"}],"replies":[{"embeddable":true,"href":"https:\/\/www.timor-rocks.com\/image-latente\/wp-json\/wp\/v2\/comments?post=269"}],"version-history":[{"count":4,"href":"https:\/\/www.timor-rocks.com\/image-latente\/wp-json\/wp\/v2\/pages\/269\/revisions"}],"predecessor-version":[{"id":627,"href":"https:\/\/www.timor-rocks.com\/image-latente\/wp-json\/wp\/v2\/pages\/269\/revisions\/627"}],"up":[{"embeddable":true,"href":"https:\/\/www.timor-rocks.com\/image-latente\/wp-json\/wp\/v2\/pages\/68"}],"wp:attachment":[{"href":"https:\/\/www.timor-rocks.com\/image-latente\/wp-json\/wp\/v2\/media?parent=269"}],"curies":[{"name":"wp","href":"https:\/\/api.w.org\/{rel}","templated":true}]}}