{"id":241,"date":"2014-11-23T12:57:36","date_gmt":"2014-11-23T11:57:36","guid":{"rendered":"http:\/\/www.timor-rocks.com\/image-latente\/?page_id=241"},"modified":"2014-11-23T17:04:44","modified_gmt":"2014-11-23T16:04:44","slug":"auteurs-de-garde","status":"publish","type":"page","link":"https:\/\/www.timor-rocks.com\/image-latente\/diffusion\/auteurs-de-garde\/","title":{"rendered":"Auteurs de garde"},"content":{"rendered":"<h6><a href=\"http:\/\/www.timor-rocks.com\/image-latente\/wp-content\/uploads\/2014\/11\/adg-vign-couv.jpg\"><img loading=\"lazy\" decoding=\"async\" class=\"alignleft wp-image-243 size-full\" src=\"http:\/\/www.timor-rocks.com\/image-latente\/wp-content\/uploads\/2014\/11\/adg-vign-couv.jpg\" alt=\"\" width=\"202\" height=\"300\" \/><\/a><br \/>\nHistoire d&rsquo;une r\u00e9sidence \u00e0 l&rsquo;h\u00f4pital.<\/h6>\n<p>Textes de <strong>Fran\u00e7ois Chaffin, Filip Forgeau, Sabine Mallet<\/strong>, photographies de Carol Kennedy et B.S.<br \/>\nLivre : 128 pages + couverture, format 14 x 20 cm, bichromie, dos carr\u00e9 cousu.<br \/>\nEditions Broc\u00e9liande.<br \/>\nISBN N\u00b0 2-910805-18-2<br \/>\nPrix : 10 \u20ac + 3 \u20ac de port. Sortie en 2003.<br \/>\n<br class=\"spacer\" \/><br \/>\n<br class=\"spacer\" \/><br \/>\n&#8211; &#8211; &#8211;<\/p>\n<div id='gallery-1' class='gallery galleryid-241 gallery-columns-2 gallery-size-thumbnail'><figure class='gallery-item'>\n\t\t\t<div class='gallery-icon landscape'>\n\t\t\t\t<a href='https:\/\/www.timor-rocks.com\/image-latente\/wp-content\/uploads\/2014\/11\/ADG-livre-80018.jpg'><img loading=\"lazy\" decoding=\"async\" width=\"150\" height=\"150\" src=\"https:\/\/www.timor-rocks.com\/image-latente\/wp-content\/uploads\/2014\/11\/ADG-livre-80018-150x150.jpg\" class=\"attachment-thumbnail size-thumbnail\" alt=\"\" aria-describedby=\"gallery-1-253\" \/><\/a>\n\t\t\t<\/div>\n\t\t\t\t<figcaption class='wp-caption-text gallery-caption' id='gallery-1-253'>\n\t\t\t\tAuteurs de garde (extrait)\n\t\t\t\t<\/figcaption><\/figure><figure class='gallery-item'>\n\t\t\t<div class='gallery-icon landscape'>\n\t\t\t\t<a href='https:\/\/www.timor-rocks.com\/image-latente\/wp-content\/uploads\/2014\/11\/ADG-livre-80024.jpg'><img loading=\"lazy\" decoding=\"async\" width=\"150\" height=\"150\" src=\"https:\/\/www.timor-rocks.com\/image-latente\/wp-content\/uploads\/2014\/11\/ADG-livre-80024-150x150.jpg\" class=\"attachment-thumbnail size-thumbnail\" alt=\"\" aria-describedby=\"gallery-1-254\" \/><\/a>\n\t\t\t<\/div>\n\t\t\t\t<figcaption class='wp-caption-text gallery-caption' id='gallery-1-254'>\n\t\t\t\tAuteurs de garde (extrait)\n\t\t\t\t<\/figcaption><\/figure><figure class='gallery-item'>\n\t\t\t<div class='gallery-icon landscape'>\n\t\t\t\t<a href='https:\/\/www.timor-rocks.com\/image-latente\/wp-content\/uploads\/2014\/11\/ADG-livre-80042.jpg'><img loading=\"lazy\" decoding=\"async\" width=\"150\" height=\"150\" src=\"https:\/\/www.timor-rocks.com\/image-latente\/wp-content\/uploads\/2014\/11\/ADG-livre-80042-150x150.jpg\" class=\"attachment-thumbnail size-thumbnail\" alt=\"\" aria-describedby=\"gallery-1-255\" \/><\/a>\n\t\t\t<\/div>\n\t\t\t\t<figcaption class='wp-caption-text gallery-caption' id='gallery-1-255'>\n\t\t\t\tAuteurs de garde (extrait)\n\t\t\t\t<\/figcaption><\/figure><figure class='gallery-item'>\n\t\t\t<div class='gallery-icon landscape'>\n\t\t\t\t<a href='https:\/\/www.timor-rocks.com\/image-latente\/wp-content\/uploads\/2014\/11\/ADG-livre-80058.jpg'><img loading=\"lazy\" decoding=\"async\" width=\"150\" height=\"150\" src=\"https:\/\/www.timor-rocks.com\/image-latente\/wp-content\/uploads\/2014\/11\/ADG-livre-80058-150x150.jpg\" class=\"attachment-thumbnail size-thumbnail\" alt=\"\" aria-describedby=\"gallery-1-256\" \/><\/a>\n\t\t\t<\/div>\n\t\t\t\t<figcaption class='wp-caption-text gallery-caption' id='gallery-1-256'>\n\t\t\t\tAuteurs de garde (extrait)\n\t\t\t\t<\/figcaption><\/figure>\n\t\t<\/div>\n\n<p>&#8211; &#8211; &#8211;<br \/>\nExtrait de la pr\u00e9sentation<\/p>\n<blockquote><p>Voil\u00e0, il s&rsquo;est trouv\u00e9 que nous avons v\u00e9cu dix-neuf jours et dix-neuf nuits \u00e0 Bligny, que nous avons \u00e9t\u00e9 t\u00e9moins du formidable grouillement de l&rsquo;h\u00f4pital et de ses habitants, que nous avions notre \u0153il et notre langue \u00e0 nous pour dire l&rsquo;incroyable tension qui accroche les hommes \u00e0 la vie, et l&rsquo;existence au myst\u00e8re, \u00e0 la science, \u00e0 la chance, au r\u00e9el et \u00e0 l&rsquo;inconnu. La vie sous toutes les sutures\u2026<strong><br \/>\n<\/strong>Un mot, une photographie, sont-ils un \u00e9cho juste des corps alit\u00e9s, r\u00eavant de verticales ? Nous ne savions rien ; nous n&rsquo;avions pas de r\u00e9ponses \u00e0 donner, pas de mission, pas d&rsquo;objectif, pas de protocole ni m\u00eame d&rsquo;intention ; nous \u00e9tions l\u00e0, les sens aux aguets, pr\u00eats \u00e0 osciller entre le r\u00e9el et la parabole, le tangible et le po\u00e9tique.<\/p>\n<p>Ce livre tente de restituer en construction de papier une r\u00e9sidence de dix-neuf journ\u00e9es non-stop, bizarrement contemporaine de la premi\u00e8re saison du Loft ! Les \u00e9crits sont livr\u00e9s ici avec tout leur brut, voire leur brutalit\u00e9, tels qu&rsquo;ils ont vu le jour. On a suivi le rythme quotidien, \u00e0 la mani\u00e8re du site Internet qui retranscrivait l&rsquo;exp\u00e9rience en direct. L&rsquo;iconographie s&rsquo;est enrichie par rapport au direct du site : des photos in\u00e9dites font leur apparition, les dix-neuf sens sont soutenus par l&rsquo;immortelle po\u00e9sie de gravures m\u00e9dicales hors d&rsquo;\u00e2ge.<\/p><\/blockquote>\n<p>&#8211; &#8211; &#8211;<\/p>\n<pre><strong>Fran\u00e7ois Chaffin<\/strong> se d\u00e9finit comme \u00ab auteur-en-sc\u00e8ne \u00bb. Auteur de nombreux textes, dont <em>La morsure du citron<\/em> et <em>Prom\u00e9th\u00e9e po\u00e8me \u00e9lectrique<\/em>, il dirige depuis plus de vingt ans le Th\u00e9\u00e2tre du Menteur. En 2001, Catherine Tasca le nomme Chevalier de l'Ordre des Arts et des Lettres, soulignant ainsi la l\u00e9gitimit\u00e9 du travail de la compagnie au sein de l'h\u00f4pital.<\/pre>\n<pre><strong>Sabine Mallet.<\/strong> Apr\u00e8s quelques exp\u00e9riences th\u00e9\u00e2trales, notamment en compagnie de Queneau et de Steinbeck, elle devient assistante d'un libraire-expert en autographes (de 1990 \u00e0 2001). A son actif, des nouvelles (laur\u00e9ate du concours des in\u00e9dits RFI-ACCT 1993 et publications en revues) et plusieurs pi\u00e8ces de th\u00e9\u00e2tre mont\u00e9es dans le cadre des rencontres de la Cartoucherie de Vincennes (de 1998 \u00e0 2001). Boursi\u00e8re de la fondation Beaumarchais pour Etat(s) Dame, cr\u00e9\u00e9 en novembre 2001 au Th\u00e9\u00e2tre du Chaudron, elle l'est une seconde fois en 2002, pour le projet Auteurs de Garde de l'h\u00f4pital de Bligny.<\/pre>\n<pre><strong>Filip Forgeau<\/strong>. Il fonde en 1987 la Compagnie du D\u00e9sordre (aujourd'hui implant\u00e9e en Limousin), pour laquelle il \u00e9crit et met en sc\u00e8ne une dizaine de spectacles. Plusieurs fois boursier du Centre National des Lettres, du Minist\u00e8re de la Culture, r\u00e9sident \u00e0 la Chartreuse de Villeneuve-lez-Avignon, il est \u00e9galement l'auteur et le r\u00e9alisateur de deux longs m\u00e9trages et un moyen m\u00e9trage dans lesquels ont jou\u00e9 Jean-Claude Dreyfus, Hans Meyer, Bernadette Lafont, et obtient pour L'Iguane le Grand Prix Tournage Award lors des Xe Rencontres cin\u00e9matographiques franco-am\u00e9ricaines. C'est un habitu\u00e9 des ateliers d'\u00e9criture en milieux r\u00e9put\u00e9s difficiles.<\/pre>\n<p>&#8211; &#8211; &#8211;<\/p>\n<p>En vente uniquement en ligne.<\/p>\n<p>Pour commander directement et nous payer par ch\u00e8que, cliquer <a title=\"Comment commander\" href=\"http:\/\/www.timor-rocks.com\/image-latente\/image-latente\/comment-commander\/\">ici<\/a>.<\/p>\n<form action=\"https:\/\/www.paypal.com\/cgi-bin\/webscr\" method=\"post\" target=\"paypal\"><input name=\"cmd\" type=\"hidden\" value=\"_s-xclick\" \/><br \/>\n<input name=\"hosted_button_id\" type=\"hidden\" value=\"LJE75VDLDY8BA\" \/><br \/>\n<input alt=\"PayPal - la solution de paiement en ligne la plus simple et la plus s\u00e9curis\u00e9e !\" name=\"submit\" src=\"https:\/\/www.paypalobjects.com\/fr_FR\/FR\/i\/btn\/btn_cart_LG.gif\" type=\"image\" \/><br \/>\n<img loading=\"lazy\" decoding=\"async\" src=\"https:\/\/www.paypalobjects.com\/fr_FR\/i\/scr\/pixel.gif\" alt=\"\" width=\"1\" height=\"1\" border=\"0\" \/><\/form>\n<p>Commande directe avec paiement en ligne ici-m\u00eame (paiement s\u00e9curis\u00e9 par CB ou Paypal, d\u00e9lais r\u00e9duits, port offert)<br \/>\n<strong>NO\u00cbL CHEZ IMAGE LATENTE (jusqu&rsquo;au 24 d\u00e9cembre : 1 volume hors commerce offert pour toute commande d&rsquo;au moins 2 livres : <a title=\"Un collector offert pour No\u00ebl !\" href=\"http:\/\/www.timor-rocks.com\/image-latente\/un-collector-offert-pour-noel\/\" target=\"_blank\">d\u00e9tails de l&rsquo;offre<\/a>)<\/strong><\/p>\n","protected":false},"excerpt":{"rendered":"<p>Histoire d&rsquo;une r\u00e9sidence \u00e0 l&rsquo;h\u00f4pital. Textes de Fran\u00e7ois Chaffin, Filip Forgeau, Sabine Mallet, photographies de Carol Kennedy et B.S. Livre : 128 pages + couverture, format 14 x 20 cm, bichromie, dos carr\u00e9 cousu. Editions Broc\u00e9liande. ISBN N\u00b0 2-910805-18-2 Prix : 10 \u20ac + 3 \u20ac de port. Sortie en 2003. &#8211; &#8211; &#8211; &#8211; &hellip; <a href=\"https:\/\/www.timor-rocks.com\/image-latente\/diffusion\/auteurs-de-garde\/\" class=\"more-link\">Continuer la lecture de <span class=\"screen-reader-text\">Auteurs de garde<\/span>  <span class=\"meta-nav\">&rarr;<\/span><\/a><\/p>\n","protected":false},"author":1,"featured_media":0,"parent":242,"menu_order":0,"comment_status":"closed","ping_status":"open","template":"","meta":{"footnotes":""},"class_list":["post-241","page","type-page","status-publish","hentry","wpautop"],"_links":{"self":[{"href":"https:\/\/www.timor-rocks.com\/image-latente\/wp-json\/wp\/v2\/pages\/241","targetHints":{"allow":["GET"]}}],"collection":[{"href":"https:\/\/www.timor-rocks.com\/image-latente\/wp-json\/wp\/v2\/pages"}],"about":[{"href":"https:\/\/www.timor-rocks.com\/image-latente\/wp-json\/wp\/v2\/types\/page"}],"author":[{"embeddable":true,"href":"https:\/\/www.timor-rocks.com\/image-latente\/wp-json\/wp\/v2\/users\/1"}],"replies":[{"embeddable":true,"href":"https:\/\/www.timor-rocks.com\/image-latente\/wp-json\/wp\/v2\/comments?post=241"}],"version-history":[{"count":12,"href":"https:\/\/www.timor-rocks.com\/image-latente\/wp-json\/wp\/v2\/pages\/241\/revisions"}],"predecessor-version":[{"id":267,"href":"https:\/\/www.timor-rocks.com\/image-latente\/wp-json\/wp\/v2\/pages\/241\/revisions\/267"}],"up":[{"embeddable":true,"href":"https:\/\/www.timor-rocks.com\/image-latente\/wp-json\/wp\/v2\/pages\/242"}],"wp:attachment":[{"href":"https:\/\/www.timor-rocks.com\/image-latente\/wp-json\/wp\/v2\/media?parent=241"}],"curies":[{"name":"wp","href":"https:\/\/api.w.org\/{rel}","templated":true}]}}